{"id":25,"date":"2024-02-28T11:35:08","date_gmt":"2024-02-28T11:35:08","guid":{"rendered":"https:\/\/dev.tylers.digital\/starlay\/?page_id=25"},"modified":"2024-05-13T20:49:06","modified_gmt":"2024-05-13T20:49:06","slug":"stilcoaching-stilberatung-starlay","status":"publish","type":"page","link":"https:\/\/dev.tylers.digital\/starlay\/stilcoaching-stilberatung-starlay\/","title":{"rendered":"Stilcoaching"},"content":{"rendered":"\t\t<div data-elementor-type=\"wp-page\" data-elementor-id=\"25\" class=\"elementor elementor-25\" data-elementor-post-type=\"page\">\n\t\t\t\t\t\t<section class=\"elementor-section elementor-top-section elementor-element elementor-element-714afd4 elementor-section-height-min-height elementor-reverse-tablet elementor-reverse-mobile elementor-section-boxed elementor-section-height-default elementor-section-items-middle\" data-id=\"714afd4\" data-element_type=\"section\" data-e-type=\"section\" data-settings=\"{&quot;background_background&quot;:&quot;classic&quot;}\">\n\t\t\t\t\t\t<div class=\"elementor-container elementor-column-gap-default\">\n\t\t\t\t\t<div class=\"elementor-column elementor-col-50 elementor-top-column elementor-element elementor-element-59760d1\" data-id=\"59760d1\" data-element_type=\"column\" data-e-type=\"column\">\n\t\t\t<div class=\"elementor-widget-wrap elementor-element-populated\">\n\t\t\t\t\t\t<div class=\"elementor-element elementor-element-b1ea26e elementor-widget elementor-widget-heading\" data-id=\"b1ea26e\" data-element_type=\"widget\" data-e-type=\"widget\" data-widget_type=\"heading.default\">\n\t\t\t\t<div class=\"elementor-widget-container\">\n\t\t\t\t\t<h1 class=\"elementor-heading-title elementor-size-default\">Stilcoaching<\/h1>\t\t\t\t<\/div>\n\t\t\t\t<\/div>\n\t\t\t\t<div class=\"elementor-element elementor-element-b836792 elementor-widget-mobile__width-inherit elementor-widget elementor-widget-text-editor\" data-id=\"b836792\" data-element_type=\"widget\" data-e-type=\"widget\" data-widget_type=\"text-editor.default\">\n\t\t\t\t<div class=\"elementor-widget-container\">\n\t\t\t\t\t\t\t\t\tErinnert man sich an Dich und Deine Marke?\n<br> Bei mir bekommt Dein Profil ein Gesicht.\t\t\t\t\t\t\t\t<\/div>\n\t\t\t\t<\/div>\n\t\t\t\t<div class=\"elementor-element elementor-element-76cf54f elementor-widget elementor-widget-button\" data-id=\"76cf54f\" data-element_type=\"widget\" data-e-type=\"widget\" data-widget_type=\"button.default\">\n\t\t\t\t<div class=\"elementor-widget-container\">\n\t\t\t\t\t\t\t\t\t<div class=\"elementor-button-wrapper\">\n\t\t\t\t\t<a class=\"elementor-button elementor-button-link elementor-size-sm\" href=\"#kleidung\">\n\t\t\t\t\t\t<span class=\"elementor-button-content-wrapper\">\n\t\t\t\t\t\t<span class=\"elementor-button-icon\">\n\t\t\t\t<svg aria-hidden=\"true\" class=\"e-font-icon-svg e-fas-chevron-down\" viewBox=\"0 0 448 512\" xmlns=\"http:\/\/www.w3.org\/2000\/svg\"><path d=\"M207.029 381.476L12.686 187.132c-9.373-9.373-9.373-24.569 0-33.941l22.667-22.667c9.357-9.357 24.522-9.375 33.901-.04L224 284.505l154.745-154.021c9.379-9.335 24.544-9.317 33.901.04l22.667 22.667c9.373 9.373 9.373 24.569 0 33.941L240.971 381.476c-9.373 9.372-24.569 9.372-33.942 0z\"><\/path><\/svg>\t\t\t<\/span>\n\t\t\t\t\t\t\t\t\t<span class=\"elementor-button-text\">Zeig', wof\u00fcr du stehst<\/span>\n\t\t\t\t\t<\/span>\n\t\t\t\t\t<\/a>\n\t\t\t\t<\/div>\n\t\t\t\t\t\t\t\t<\/div>\n\t\t\t\t<\/div>\n\t\t\t\t\t<\/div>\n\t\t<\/div>\n\t\t\t\t<div class=\"elementor-column elementor-col-50 elementor-top-column elementor-element elementor-element-a01515f\" data-id=\"a01515f\" data-element_type=\"column\" data-e-type=\"column\">\n\t\t\t<div class=\"elementor-widget-wrap\">\n\t\t\t\t\t\t\t<\/div>\n\t\t<\/div>\n\t\t\t\t\t<\/div>\n\t\t<\/section>\n\t\t\t\t<section class=\"elementor-section elementor-top-section elementor-element elementor-element-5f71f4b elementor-section-height-min-height elementor-section-full_width elementor-section-items-stretch elementor-section-height-default\" data-id=\"5f71f4b\" data-element_type=\"section\" data-e-type=\"section\" id=\"kleidung\">\n\t\t\t\t\t\t<div class=\"elementor-container elementor-column-gap-default\">\n\t\t\t\t\t<div class=\"elementor-column elementor-col-50 elementor-top-column elementor-element elementor-element-959be5d\" data-id=\"959be5d\" data-element_type=\"column\" data-e-type=\"column\">\n\t\t\t<div class=\"elementor-widget-wrap elementor-element-populated\">\n\t\t\t\t\t\t<div class=\"elementor-element elementor-element-a562f0d elementor-widget__width-initial elementor-widget elementor-widget-heading\" data-id=\"a562f0d\" data-element_type=\"widget\" data-e-type=\"widget\" data-widget_type=\"heading.default\">\n\t\t\t\t<div class=\"elementor-widget-container\">\n\t\t\t\t\t<h2 class=\"elementor-heading-title elementor-size-default\">Kleidung und Knigge f\u00fcr Deinen Markenauftritt<\/h2>\t\t\t\t<\/div>\n\t\t\t\t<\/div>\n\t\t\t\t<div class=\"elementor-element elementor-element-66f8a8a elementor-widget elementor-widget-spacer\" data-id=\"66f8a8a\" data-element_type=\"widget\" data-e-type=\"widget\" data-widget_type=\"spacer.default\">\n\t\t\t\t<div class=\"elementor-widget-container\">\n\t\t\t\t\t\t\t<div class=\"elementor-spacer\">\n\t\t\t<div class=\"elementor-spacer-inner\"><\/div>\n\t\t<\/div>\n\t\t\t\t\t\t<\/div>\n\t\t\t\t<\/div>\n\t\t\t\t<div class=\"elementor-element elementor-element-e36a644 elementor-widget-mobile__width-inherit elementor-widget__width-initial elementor-widget elementor-widget-text-editor\" data-id=\"e36a644\" data-element_type=\"widget\" data-e-type=\"widget\" data-widget_type=\"text-editor.default\">\n\t\t\t\t<div class=\"elementor-widget-container\">\n\t\t\t\t\t\t\t\t\t<p>Kennst Du das? In manchen Branchen sehen alle gleich aus \u2013 wie geklont. Du aber willst Karriere machen \u2013 als Pers\u00f6nlichkeit mit Charisma. Meine Stilberatung gibt Dir Antwort auf die Frage, was eine gewinnende Ausstrahlung \u00fcberhaupt ausmacht: Tipps und Anregungen sowie funktionierende Rezepte f\u00fcr gutes Aussehen und Auftreten sowie die Grundlagen des guten Stils \u2013 gesch\u00e4ftlich wie privat. Ich beantworte Deine Fragen zur richtigen Kleidung im (Gesch\u00e4fts-) Leben und mache Dir Mut zum sanften Ausstieg aus der klon-gleichen Uniformierung. Hier findest Du Deinen eigenen Stil.<\/p>\t\t\t\t\t\t\t\t<\/div>\n\t\t\t\t<\/div>\n\t\t\t\t<div class=\"elementor-element elementor-element-9383a94 elementor-widget elementor-widget-button\" data-id=\"9383a94\" data-element_type=\"widget\" data-e-type=\"widget\" data-widget_type=\"button.default\">\n\t\t\t\t<div class=\"elementor-widget-container\">\n\t\t\t\t\t\t\t\t\t<div class=\"elementor-button-wrapper\">\n\t\t\t\t\t<a class=\"elementor-button elementor-button-link elementor-size-sm\" href=\"https:\/\/www.amazon.de\/Stilgeheimnisse-Stilsicher-unsere-l%C3%A4ssiger-werdende\/dp\/3962511830\/ref=sr_1_2?crid=1ZCQMMXXQ8I2D&#038;dib=eyJ2IjoiMSJ9.mSK6xQgxerdx1edLq8G-Ly-d4vvIH7CQl6rRUZMvt9InELM4OKgDcm90g2D3k0SaY7_AehuuG9Ow2H0EytWHEl64qKeBQEWgF9hRiRcHx_8SLMeHkIvSE06DYQ4EbeitEObHMG9LfTTmFshCOkX9NM5EBw9riiLS5PMA3MujNj-xKeNzAkArawAi0cF7qLS8f4VOKUIrn4-hxibt_Ma6nPRjvZU7CJKi90DIIu3sk8A.QFZWPVcwoEjrzEG6DinJBXmbfdaYsYLuqMeBJxv_ReM&#038;dib_tag=se&#038;keywords=stilgeheimnisse&#038;qid=1709824486&#038;sprefix=stilgeheimbni%2Caps%2C80&#038;sr=8-2\" target=\"_blank\">\n\t\t\t\t\t\t<span class=\"elementor-button-content-wrapper\">\n\t\t\t\t\t\t\t\t\t<span class=\"elementor-button-text\">Buch kaufen<\/span>\n\t\t\t\t\t<\/span>\n\t\t\t\t\t<\/a>\n\t\t\t\t<\/div>\n\t\t\t\t\t\t\t\t<\/div>\n\t\t\t\t<\/div>\n\t\t\t\t\t<\/div>\n\t\t<\/div>\n\t\t\t\t<div class=\"elementor-column elementor-col-50 elementor-top-column elementor-element elementor-element-cd7f8ac\" data-id=\"cd7f8ac\" data-element_type=\"column\" data-e-type=\"column\" data-settings=\"{&quot;background_background&quot;:&quot;classic&quot;}\">\n\t\t\t<div class=\"elementor-widget-wrap elementor-element-populated\">\n\t\t\t\t\t\t<div class=\"elementor-element elementor-element-0a71371 elementor-widget elementor-widget-spacer\" data-id=\"0a71371\" data-element_type=\"widget\" data-e-type=\"widget\" data-widget_type=\"spacer.default\">\n\t\t\t\t<div class=\"elementor-widget-container\">\n\t\t\t\t\t\t\t<div class=\"elementor-spacer\">\n\t\t\t<div class=\"elementor-spacer-inner\"><\/div>\n\t\t<\/div>\n\t\t\t\t\t\t<\/div>\n\t\t\t\t<\/div>\n\t\t\t\t\t<\/div>\n\t\t<\/div>\n\t\t\t\t\t<\/div>\n\t\t<\/section>\n\t\t\t\t<section class=\"elementor-section elementor-top-section elementor-element elementor-element-81a49f8 elementor-section-height-min-height elementor-section-full_width elementor-section-items-stretch elementor-reverse-tablet elementor-reverse-mobile elementor-section-height-default\" data-id=\"81a49f8\" data-element_type=\"section\" data-e-type=\"section\">\n\t\t\t\t\t\t<div class=\"elementor-container elementor-column-gap-default\">\n\t\t\t\t\t<div class=\"elementor-column elementor-col-50 elementor-top-column elementor-element elementor-element-763005e\" data-id=\"763005e\" data-element_type=\"column\" data-e-type=\"column\" data-settings=\"{&quot;background_background&quot;:&quot;classic&quot;}\">\n\t\t\t<div class=\"elementor-widget-wrap elementor-element-populated\">\n\t\t\t\t\t\t<div class=\"elementor-element elementor-element-89ed4b5 elementor-widget elementor-widget-spacer\" data-id=\"89ed4b5\" data-element_type=\"widget\" data-e-type=\"widget\" data-widget_type=\"spacer.default\">\n\t\t\t\t<div class=\"elementor-widget-container\">\n\t\t\t\t\t\t\t<div class=\"elementor-spacer\">\n\t\t\t<div class=\"elementor-spacer-inner\"><\/div>\n\t\t<\/div>\n\t\t\t\t\t\t<\/div>\n\t\t\t\t<\/div>\n\t\t\t\t\t<\/div>\n\t\t<\/div>\n\t\t\t\t<div class=\"elementor-column elementor-col-50 elementor-top-column elementor-element elementor-element-1788e5f\" data-id=\"1788e5f\" data-element_type=\"column\" data-e-type=\"column\">\n\t\t\t<div class=\"elementor-widget-wrap elementor-element-populated\">\n\t\t\t\t\t\t<div class=\"elementor-element elementor-element-4053d3a elementor-widget__width-initial elementor-widget elementor-widget-heading\" data-id=\"4053d3a\" data-element_type=\"widget\" data-e-type=\"widget\" data-widget_type=\"heading.default\">\n\t\t\t\t<div class=\"elementor-widget-container\">\n\t\t\t\t\t<h2 class=\"elementor-heading-title elementor-size-default\">Stilberatung f\u00fcr Menschen und Unternehmen<\/h2>\t\t\t\t<\/div>\n\t\t\t\t<\/div>\n\t\t\t\t<div class=\"elementor-element elementor-element-ac093ff elementor-widget elementor-widget-spacer\" data-id=\"ac093ff\" data-element_type=\"widget\" data-e-type=\"widget\" data-widget_type=\"spacer.default\">\n\t\t\t\t<div class=\"elementor-widget-container\">\n\t\t\t\t\t\t\t<div class=\"elementor-spacer\">\n\t\t\t<div class=\"elementor-spacer-inner\"><\/div>\n\t\t<\/div>\n\t\t\t\t\t\t<\/div>\n\t\t\t\t<\/div>\n\t\t\t\t<div class=\"elementor-element elementor-element-d75a2a7 elementor-widget-mobile__width-inherit elementor-widget__width-initial elementor-widget elementor-widget-text-editor\" data-id=\"d75a2a7\" data-element_type=\"widget\" data-e-type=\"widget\" data-widget_type=\"text-editor.default\">\n\t\t\t\t<div class=\"elementor-widget-container\">\n\t\t\t\t\t\t\t\t\t<p>Im Zeitalter der Kunden- (und Mitarbeiter-) Bindung ist es n\u00e4mlich wichtig, dass der Auftritt f\u00fcr etwas steht, das verbindlich ist. Ich arbeite mit Dir an der Kleidersprache und den richtigen Symbolen, die Deine Botschaft auch ohne Worte verst\u00e4ndlich macht. Das gilt ebenso f\u00fcr Dich als Mensch, wie Du Dich gibst und wahrgenommen wirst.<\/p><p>Das Ziel: Deine Gespr\u00e4chspartner erkennen Dich als authentisch und gewinnend. Du hast Souver\u00e4nit\u00e4t und Ausstrahlung und f\u00fchlst Dich dabei in jeder Situation wohl.<\/p><p>Um ein kostenloses Kennenlern-Gespr\u00e4ch zu vereinbaren, schreib&#8217; mich bitte pers\u00f6nlich an:<br \/><a href=\"mailto:katharina@starlay.de\">katharina@starlay.de <\/a><\/p><p>Stilclub.de \u2013 Community f\u00fcr Kleidung, Knigge und Wertsch\u00e4tzung<\/p><p><a href=\"https:\/\/stilclub.de\/\" target=\"_blank\" rel=\"noopener\">https:\/\/stilclub.de<\/a><\/p>\t\t\t\t\t\t\t\t<\/div>\n\t\t\t\t<\/div>\n\t\t\t\t\t<\/div>\n\t\t<\/div>\n\t\t\t\t\t<\/div>\n\t\t<\/section>\n\t\t\t\t<section class=\"elementor-section elementor-top-section elementor-element elementor-element-6b61db5 elementor-section-boxed elementor-section-height-default elementor-section-height-default\" data-id=\"6b61db5\" data-element_type=\"section\" data-e-type=\"section\" data-settings=\"{&quot;background_background&quot;:&quot;classic&quot;}\">\n\t\t\t\t\t\t<div class=\"elementor-container elementor-column-gap-default\">\n\t\t\t\t\t<div class=\"elementor-column elementor-col-100 elementor-top-column elementor-element elementor-element-47e718b\" data-id=\"47e718b\" data-element_type=\"column\" data-e-type=\"column\">\n\t\t\t<div class=\"elementor-widget-wrap elementor-element-populated\">\n\t\t\t\t\t\t<div class=\"elementor-element elementor-element-27a4961 elementor-widget elementor-widget-text-editor\" data-id=\"27a4961\" data-element_type=\"widget\" data-e-type=\"widget\" data-widget_type=\"text-editor.default\">\n\t\t\t\t<div class=\"elementor-widget-container\">\n\t\t\t\t\t\t\t\t\t<p>Lass&#8217; uns Pl\u00e4ne schmieden f\u00fcr Deine Zukunft.<\/p>\t\t\t\t\t\t\t\t<\/div>\n\t\t\t\t<\/div>\n\t\t\t\t<div class=\"elementor-element elementor-element-8d04a9d elementor-align-center elementor-widget elementor-widget-button\" data-id=\"8d04a9d\" data-element_type=\"widget\" data-e-type=\"widget\" data-widget_type=\"button.default\">\n\t\t\t\t<div class=\"elementor-widget-container\">\n\t\t\t\t\t\t\t\t\t<div class=\"elementor-button-wrapper\">\n\t\t\t\t\t<a class=\"elementor-button elementor-button-link elementor-size-sm\" href=\"https:\/\/dev.tylers.digital\/starlay\/kontakt\/\">\n\t\t\t\t\t\t<span class=\"elementor-button-content-wrapper\">\n\t\t\t\t\t\t\t\t\t<span class=\"elementor-button-text\">Kontakt<\/span>\n\t\t\t\t\t<\/span>\n\t\t\t\t\t<\/a>\n\t\t\t\t<\/div>\n\t\t\t\t\t\t\t\t<\/div>\n\t\t\t\t<\/div>\n\t\t\t\t\t<\/div>\n\t\t<\/div>\n\t\t\t\t\t<\/div>\n\t\t<\/section>\n\t\t\t\t<\/div>\n\t\t","protected":false},"excerpt":{"rendered":"<p>Erinnert man sich an Dich und Deine Marke? Bei mir bekommt Dein Profil ein Gesicht.<\/p>\n","protected":false},"author":3,"featured_media":999,"parent":0,"menu_order":0,"comment_status":"closed","ping_status":"closed","template":"","meta":{"footnotes":""},"class_list":["post-25","page","type-page","status-publish","has-post-thumbnail","hentry"],"yoast_head":"<!-- This site is optimized with the Yoast SEO plugin v27.2 - https:\/\/yoast.com\/product\/yoast-seo-wordpress\/ -->\n<title>Stilcoaching \/ Stilberatung - Starlay<\/title>\n<meta name=\"description\" content=\"Mit dem Outfit sagt ein Mensch, wof\u00fcr er steht: Erinnert man sich an Dich und Deine Marke? Bei mir bekommt Dein Profil ein Gesicht.\" \/>\n<meta name=\"robots\" content=\"noindex, follow, max-snippet:-1, max-image-preview:large, max-video-preview:-1\" \/>\n<meta property=\"og:locale\" content=\"en_GB\" \/>\n<meta property=\"og:type\" content=\"article\" \/>\n<meta property=\"og:title\" content=\"Stilcoaching\" \/>\n<meta property=\"og:description\" content=\"Erinnert man sich an Dich und Deine Marke? Bei mir bekommt Dein Profil ein Gesicht.\" \/>\n<meta property=\"og:url\" content=\"https:\/\/dev.tylers.digital\/starlay\/stilcoaching-stilberatung-starlay\/\" \/>\n<meta property=\"og:site_name\" content=\"Starlay\" \/>\n<meta property=\"article:modified_time\" content=\"2024-05-13T20:49:06+00:00\" \/>\n<meta property=\"og:image\" content=\"https:\/\/dev.tylers.digital\/starlay\/wp-content\/uploads\/2024\/03\/Stilcoaching_Highlight_dunkel.jpg\" \/>\n\t<meta property=\"og:image:width\" content=\"1920\" \/>\n\t<meta property=\"og:image:height\" content=\"1080\" \/>\n\t<meta property=\"og:image:type\" content=\"image\/jpeg\" \/>\n<meta name=\"twitter:card\" content=\"summary_large_image\" \/>\n<meta name=\"twitter:label1\" content=\"Estimated reading time\" \/>\n\t<meta name=\"twitter:data1\" content=\"2 minutes\" \/>\n<script type=\"application\/ld+json\" class=\"yoast-schema-graph\">{\"@context\":\"https:\/\/schema.org\",\"@graph\":[{\"@type\":\"WebPage\",\"@id\":\"https:\/\/dev.tylers.digital\/starlay\/stilcoaching-stilberatung-starlay\/\",\"url\":\"https:\/\/dev.tylers.digital\/starlay\/stilcoaching-stilberatung-starlay\/\",\"name\":\"Stilcoaching \/ Stilberatung - Starlay\",\"isPartOf\":{\"@id\":\"https:\/\/dev.tylers.digital\/starlay\/#website\"},\"primaryImageOfPage\":{\"@id\":\"https:\/\/dev.tylers.digital\/starlay\/stilcoaching-stilberatung-starlay\/#primaryimage\"},\"image\":{\"@id\":\"https:\/\/dev.tylers.digital\/starlay\/stilcoaching-stilberatung-starlay\/#primaryimage\"},\"thumbnailUrl\":\"https:\/\/dev.tylers.digital\/starlay\/wp-content\/uploads\/2024\/03\/Stilcoaching_Highlight_dunkel.jpg\",\"datePublished\":\"2024-02-28T11:35:08+00:00\",\"dateModified\":\"2024-05-13T20:49:06+00:00\",\"description\":\"Mit dem Outfit sagt ein Mensch, wof\u00fcr er steht: Erinnert man sich an Dich und Deine Marke? Bei mir bekommt Dein Profil ein Gesicht.\",\"breadcrumb\":{\"@id\":\"https:\/\/dev.tylers.digital\/starlay\/stilcoaching-stilberatung-starlay\/#breadcrumb\"},\"inLanguage\":\"en-GB\",\"potentialAction\":[{\"@type\":\"ReadAction\",\"target\":[\"https:\/\/dev.tylers.digital\/starlay\/stilcoaching-stilberatung-starlay\/\"]}]},{\"@type\":\"ImageObject\",\"inLanguage\":\"en-GB\",\"@id\":\"https:\/\/dev.tylers.digital\/starlay\/stilcoaching-stilberatung-starlay\/#primaryimage\",\"url\":\"https:\/\/dev.tylers.digital\/starlay\/wp-content\/uploads\/2024\/03\/Stilcoaching_Highlight_dunkel.jpg\",\"contentUrl\":\"https:\/\/dev.tylers.digital\/starlay\/wp-content\/uploads\/2024\/03\/Stilcoaching_Highlight_dunkel.jpg\",\"width\":1920,\"height\":1080},{\"@type\":\"BreadcrumbList\",\"@id\":\"https:\/\/dev.tylers.digital\/starlay\/stilcoaching-stilberatung-starlay\/#breadcrumb\",\"itemListElement\":[{\"@type\":\"ListItem\",\"position\":1,\"name\":\"Startseite\",\"item\":\"https:\/\/dev.tylers.digital\/starlay\/\"},{\"@type\":\"ListItem\",\"position\":2,\"name\":\"Stilcoaching\"}]},{\"@type\":\"WebSite\",\"@id\":\"https:\/\/dev.tylers.digital\/starlay\/#website\",\"url\":\"https:\/\/dev.tylers.digital\/starlay\/\",\"name\":\"Starlay\",\"description\":\"Corporate Imageberaterin und Modedesignerin\",\"publisher\":{\"@id\":\"https:\/\/dev.tylers.digital\/starlay\/#organization\"},\"potentialAction\":[{\"@type\":\"SearchAction\",\"target\":{\"@type\":\"EntryPoint\",\"urlTemplate\":\"https:\/\/dev.tylers.digital\/starlay\/?s={search_term_string}\"},\"query-input\":{\"@type\":\"PropertyValueSpecification\",\"valueRequired\":true,\"valueName\":\"search_term_string\"}}],\"inLanguage\":\"en-GB\"},{\"@type\":\"Organization\",\"@id\":\"https:\/\/dev.tylers.digital\/starlay\/#organization\",\"name\":\"Starlay\",\"url\":\"https:\/\/dev.tylers.digital\/starlay\/\",\"logo\":{\"@type\":\"ImageObject\",\"inLanguage\":\"en-GB\",\"@id\":\"https:\/\/dev.tylers.digital\/starlay\/#\/schema\/logo\/image\/\",\"url\":\"https:\/\/dev.tylers.digital\/starlay\/wp-content\/uploads\/2024\/02\/Logo_transparent.png\",\"contentUrl\":\"https:\/\/dev.tylers.digital\/starlay\/wp-content\/uploads\/2024\/02\/Logo_transparent.png\",\"width\":500,\"height\":318,\"caption\":\"Starlay\"},\"image\":{\"@id\":\"https:\/\/dev.tylers.digital\/starlay\/#\/schema\/logo\/image\/\"}}]}<\/script>\n<!-- \/ Yoast SEO plugin. -->","yoast_head_json":{"title":"Stilcoaching \/ Stilberatung - Starlay","description":"Mit dem Outfit sagt ein Mensch, wof\u00fcr er steht: Erinnert man sich an Dich und Deine Marke? Bei mir bekommt Dein Profil ein Gesicht.","robots":{"index":"noindex","follow":"follow","max-snippet":"max-snippet:-1","max-image-preview":"max-image-preview:large","max-video-preview":"max-video-preview:-1"},"og_locale":"en_GB","og_type":"article","og_title":"Stilcoaching","og_description":"Erinnert man sich an Dich und Deine Marke? Bei mir bekommt Dein Profil ein Gesicht.","og_url":"https:\/\/dev.tylers.digital\/starlay\/stilcoaching-stilberatung-starlay\/","og_site_name":"Starlay","article_modified_time":"2024-05-13T20:49:06+00:00","og_image":[{"width":1920,"height":1080,"url":"https:\/\/dev.tylers.digital\/starlay\/wp-content\/uploads\/2024\/03\/Stilcoaching_Highlight_dunkel.jpg","type":"image\/jpeg"}],"twitter_card":"summary_large_image","twitter_misc":{"Estimated reading time":"2 minutes"},"schema":{"@context":"https:\/\/schema.org","@graph":[{"@type":"WebPage","@id":"https:\/\/dev.tylers.digital\/starlay\/stilcoaching-stilberatung-starlay\/","url":"https:\/\/dev.tylers.digital\/starlay\/stilcoaching-stilberatung-starlay\/","name":"Stilcoaching \/ Stilberatung - Starlay","isPartOf":{"@id":"https:\/\/dev.tylers.digital\/starlay\/#website"},"primaryImageOfPage":{"@id":"https:\/\/dev.tylers.digital\/starlay\/stilcoaching-stilberatung-starlay\/#primaryimage"},"image":{"@id":"https:\/\/dev.tylers.digital\/starlay\/stilcoaching-stilberatung-starlay\/#primaryimage"},"thumbnailUrl":"https:\/\/dev.tylers.digital\/starlay\/wp-content\/uploads\/2024\/03\/Stilcoaching_Highlight_dunkel.jpg","datePublished":"2024-02-28T11:35:08+00:00","dateModified":"2024-05-13T20:49:06+00:00","description":"Mit dem Outfit sagt ein Mensch, wof\u00fcr er steht: Erinnert man sich an Dich und Deine Marke? Bei mir bekommt Dein Profil ein Gesicht.","breadcrumb":{"@id":"https:\/\/dev.tylers.digital\/starlay\/stilcoaching-stilberatung-starlay\/#breadcrumb"},"inLanguage":"en-GB","potentialAction":[{"@type":"ReadAction","target":["https:\/\/dev.tylers.digital\/starlay\/stilcoaching-stilberatung-starlay\/"]}]},{"@type":"ImageObject","inLanguage":"en-GB","@id":"https:\/\/dev.tylers.digital\/starlay\/stilcoaching-stilberatung-starlay\/#primaryimage","url":"https:\/\/dev.tylers.digital\/starlay\/wp-content\/uploads\/2024\/03\/Stilcoaching_Highlight_dunkel.jpg","contentUrl":"https:\/\/dev.tylers.digital\/starlay\/wp-content\/uploads\/2024\/03\/Stilcoaching_Highlight_dunkel.jpg","width":1920,"height":1080},{"@type":"BreadcrumbList","@id":"https:\/\/dev.tylers.digital\/starlay\/stilcoaching-stilberatung-starlay\/#breadcrumb","itemListElement":[{"@type":"ListItem","position":1,"name":"Startseite","item":"https:\/\/dev.tylers.digital\/starlay\/"},{"@type":"ListItem","position":2,"name":"Stilcoaching"}]},{"@type":"WebSite","@id":"https:\/\/dev.tylers.digital\/starlay\/#website","url":"https:\/\/dev.tylers.digital\/starlay\/","name":"Starlay","description":"Corporate Imageberaterin und Modedesignerin","publisher":{"@id":"https:\/\/dev.tylers.digital\/starlay\/#organization"},"potentialAction":[{"@type":"SearchAction","target":{"@type":"EntryPoint","urlTemplate":"https:\/\/dev.tylers.digital\/starlay\/?s={search_term_string}"},"query-input":{"@type":"PropertyValueSpecification","valueRequired":true,"valueName":"search_term_string"}}],"inLanguage":"en-GB"},{"@type":"Organization","@id":"https:\/\/dev.tylers.digital\/starlay\/#organization","name":"Starlay","url":"https:\/\/dev.tylers.digital\/starlay\/","logo":{"@type":"ImageObject","inLanguage":"en-GB","@id":"https:\/\/dev.tylers.digital\/starlay\/#\/schema\/logo\/image\/","url":"https:\/\/dev.tylers.digital\/starlay\/wp-content\/uploads\/2024\/02\/Logo_transparent.png","contentUrl":"https:\/\/dev.tylers.digital\/starlay\/wp-content\/uploads\/2024\/02\/Logo_transparent.png","width":500,"height":318,"caption":"Starlay"},"image":{"@id":"https:\/\/dev.tylers.digital\/starlay\/#\/schema\/logo\/image\/"}}]}},"_links":{"self":[{"href":"https:\/\/dev.tylers.digital\/starlay\/wp-json\/wp\/v2\/pages\/25","targetHints":{"allow":["GET"]}}],"collection":[{"href":"https:\/\/dev.tylers.digital\/starlay\/wp-json\/wp\/v2\/pages"}],"about":[{"href":"https:\/\/dev.tylers.digital\/starlay\/wp-json\/wp\/v2\/types\/page"}],"author":[{"embeddable":true,"href":"https:\/\/dev.tylers.digital\/starlay\/wp-json\/wp\/v2\/users\/3"}],"replies":[{"embeddable":true,"href":"https:\/\/dev.tylers.digital\/starlay\/wp-json\/wp\/v2\/comments?post=25"}],"version-history":[{"count":278,"href":"https:\/\/dev.tylers.digital\/starlay\/wp-json\/wp\/v2\/pages\/25\/revisions"}],"predecessor-version":[{"id":3678,"href":"https:\/\/dev.tylers.digital\/starlay\/wp-json\/wp\/v2\/pages\/25\/revisions\/3678"}],"wp:featuredmedia":[{"embeddable":true,"href":"https:\/\/dev.tylers.digital\/starlay\/wp-json\/wp\/v2\/media\/999"}],"wp:attachment":[{"href":"https:\/\/dev.tylers.digital\/starlay\/wp-json\/wp\/v2\/media?parent=25"}],"curies":[{"name":"wp","href":"https:\/\/api.w.org\/{rel}","templated":true}]}}