{"id":27,"date":"2024-02-28T11:35:22","date_gmt":"2024-02-28T11:35:22","guid":{"rendered":"https:\/\/dev.tylers.digital\/starlay\/?page_id=27"},"modified":"2024-05-13T20:33:26","modified_gmt":"2024-05-13T20:33:26","slug":"inspiration-im-3-lebensabschnitt-starlay","status":"publish","type":"page","link":"https:\/\/dev.tylers.digital\/starlay\/inspiration-im-3-lebensabschnitt-starlay\/","title":{"rendered":"Inspiration im 3. Lebensabschnitt"},"content":{"rendered":"\t\t<div data-elementor-type=\"wp-page\" data-elementor-id=\"27\" class=\"elementor elementor-27\" data-elementor-post-type=\"page\">\n\t\t\t\t\t\t<section class=\"elementor-section elementor-top-section elementor-element elementor-element-0e58b10 elementor-section-height-min-height elementor-reverse-tablet elementor-reverse-mobile elementor-section-boxed elementor-section-height-default elementor-section-items-middle\" data-id=\"0e58b10\" data-element_type=\"section\" data-e-type=\"section\" data-settings=\"{&quot;background_background&quot;:&quot;classic&quot;}\">\n\t\t\t\t\t\t<div class=\"elementor-container elementor-column-gap-default\">\n\t\t\t\t\t<div class=\"elementor-column elementor-col-50 elementor-top-column elementor-element elementor-element-5a80d6e\" data-id=\"5a80d6e\" data-element_type=\"column\" data-e-type=\"column\">\n\t\t\t<div class=\"elementor-widget-wrap elementor-element-populated\">\n\t\t\t\t\t\t<div class=\"elementor-element elementor-element-c76f172 elementor-widget elementor-widget-heading\" data-id=\"c76f172\" data-element_type=\"widget\" data-e-type=\"widget\" data-widget_type=\"heading.default\">\n\t\t\t\t<div class=\"elementor-widget-container\">\n\t\t\t\t\t<h1 class=\"elementor-heading-title elementor-size-default\">Inspiration im 3. Lebens&amp;shyabschnitt<\/h1>\t\t\t\t<\/div>\n\t\t\t\t<\/div>\n\t\t\t\t<div class=\"elementor-element elementor-element-fda0f2c elementor-widget-mobile__width-inherit elementor-widget elementor-widget-text-editor\" data-id=\"fda0f2c\" data-element_type=\"widget\" data-e-type=\"widget\" data-widget_type=\"text-editor.default\">\n\t\t\t\t<div class=\"elementor-widget-container\">\n\t\t\t\t\t\t\t\t\tEin guter Plan veredelt Deine Erfahrung und gibt den n\u00e4chsten Schritten Richtung und Absicht.\t\t\t\t\t\t\t\t<\/div>\n\t\t\t\t<\/div>\n\t\t\t\t<div class=\"elementor-element elementor-element-1991ee4 elementor-widget elementor-widget-button\" data-id=\"1991ee4\" data-element_type=\"widget\" data-e-type=\"widget\" data-widget_type=\"button.default\">\n\t\t\t\t<div class=\"elementor-widget-container\">\n\t\t\t\t\t\t\t\t\t<div class=\"elementor-button-wrapper\">\n\t\t\t\t\t<a class=\"elementor-button elementor-button-link elementor-size-sm\" href=\"#info\">\n\t\t\t\t\t\t<span class=\"elementor-button-content-wrapper\">\n\t\t\t\t\t\t<span class=\"elementor-button-icon\">\n\t\t\t\t<svg aria-hidden=\"true\" class=\"e-font-icon-svg e-fas-chevron-down\" viewBox=\"0 0 448 512\" xmlns=\"http:\/\/www.w3.org\/2000\/svg\"><path d=\"M207.029 381.476L12.686 187.132c-9.373-9.373-9.373-24.569 0-33.941l22.667-22.667c9.357-9.357 24.522-9.375 33.901-.04L224 284.505l154.745-154.021c9.379-9.335 24.544-9.317 33.901.04l22.667 22.667c9.373 9.373 9.373 24.569 0 33.941L240.971 381.476c-9.373 9.372-24.569 9.372-33.942 0z\"><\/path><\/svg>\t\t\t<\/span>\n\t\t\t\t\t\t\t\t\t<span class=\"elementor-button-text\">Warum er so wichtig ist<\/span>\n\t\t\t\t\t<\/span>\n\t\t\t\t\t<\/a>\n\t\t\t\t<\/div>\n\t\t\t\t\t\t\t\t<\/div>\n\t\t\t\t<\/div>\n\t\t\t\t\t<\/div>\n\t\t<\/div>\n\t\t\t\t<div class=\"elementor-column elementor-col-50 elementor-top-column elementor-element elementor-element-cf111e5\" data-id=\"cf111e5\" data-element_type=\"column\" data-e-type=\"column\">\n\t\t\t<div class=\"elementor-widget-wrap\">\n\t\t\t\t\t\t\t<\/div>\n\t\t<\/div>\n\t\t\t\t\t<\/div>\n\t\t<\/section>\n\t\t\t\t<section class=\"elementor-section elementor-top-section elementor-element elementor-element-769371b elementor-section-boxed elementor-section-height-default elementor-section-height-default\" data-id=\"769371b\" data-element_type=\"section\" data-e-type=\"section\" id=\"info\" data-settings=\"{&quot;background_background&quot;:&quot;classic&quot;}\">\n\t\t\t\t\t\t<div class=\"elementor-container elementor-column-gap-default\">\n\t\t\t\t\t<div class=\"elementor-column elementor-col-100 elementor-top-column elementor-element elementor-element-83e1ee8\" data-id=\"83e1ee8\" data-element_type=\"column\" data-e-type=\"column\">\n\t\t\t<div class=\"elementor-widget-wrap elementor-element-populated\">\n\t\t\t\t\t\t<div class=\"elementor-element elementor-element-6a34316 elementor-widget__width-initial elementor-widget elementor-widget-heading\" data-id=\"6a34316\" data-element_type=\"widget\" data-e-type=\"widget\" data-widget_type=\"heading.default\">\n\t\t\t\t<div class=\"elementor-widget-container\">\n\t\t\t\t\t<h2 class=\"elementor-heading-title elementor-size-default\">Durchstarten nach dem Beruf<\/h2>\t\t\t\t<\/div>\n\t\t\t\t<\/div>\n\t\t\t\t<div class=\"elementor-element elementor-element-ceed4fd elementor-widget elementor-widget-spacer\" data-id=\"ceed4fd\" data-element_type=\"widget\" data-e-type=\"widget\" data-widget_type=\"spacer.default\">\n\t\t\t\t<div class=\"elementor-widget-container\">\n\t\t\t\t\t\t\t<div class=\"elementor-spacer\">\n\t\t\t<div class=\"elementor-spacer-inner\"><\/div>\n\t\t<\/div>\n\t\t\t\t\t\t<\/div>\n\t\t\t\t<\/div>\n\t\t\t\t<div class=\"elementor-element elementor-element-30d35f2 elementor-widget-mobile__width-inherit elementor-widget elementor-widget-text-editor\" data-id=\"30d35f2\" data-element_type=\"widget\" data-e-type=\"widget\" data-widget_type=\"text-editor.default\">\n\t\t\t\t<div class=\"elementor-widget-container\">\n\t\t\t\t\t\t\t\t\tDas alles sollten wir nicht dem Zufall \u00fcberlassen: F\u00fcr viele ist der \u00dcbergang in die Rente ein einschneidender Moment, die Angst vor dem freien Fall in die Bedeutungslosigkeit gro\u00df: \u201eWer bin ich? Und wie kann es weitergehen?\u201c sind die Fragen dahinter. Denn wenn man einen Sinn des Lebens darin sieht, es mit m\u00f6glichst vielen gl\u00fccklichen Momenten f\u00fcr sich und andere zu f\u00fcllen, gibt es f\u00fcr viele von uns noch Einiges zu tun. Mit einem guten Plan kannst Du die Lebensmitte verl\u00e4ngern \u2013 nicht das Ende.\t\t\t\t\t\t\t\t<\/div>\n\t\t\t\t<\/div>\n\t\t\t\t\t<\/div>\n\t\t<\/div>\n\t\t\t\t\t<\/div>\n\t\t<\/section>\n\t\t\t\t<section class=\"elementor-section elementor-top-section elementor-element elementor-element-986ed91 elementor-section-height-min-height elementor-section-full_width elementor-section-items-stretch elementor-reverse-tablet elementor-reverse-mobile elementor-section-height-default\" data-id=\"986ed91\" data-element_type=\"section\" data-e-type=\"section\">\n\t\t\t\t\t\t<div class=\"elementor-container elementor-column-gap-default\">\n\t\t\t\t\t<div class=\"elementor-column elementor-col-50 elementor-top-column elementor-element elementor-element-f5c6c61\" data-id=\"f5c6c61\" data-element_type=\"column\" data-e-type=\"column\" data-settings=\"{&quot;background_background&quot;:&quot;classic&quot;}\">\n\t\t\t<div class=\"elementor-widget-wrap elementor-element-populated\">\n\t\t\t\t\t\t<div class=\"elementor-element elementor-element-5f24026 elementor-widget elementor-widget-spacer\" data-id=\"5f24026\" data-element_type=\"widget\" data-e-type=\"widget\" data-widget_type=\"spacer.default\">\n\t\t\t\t<div class=\"elementor-widget-container\">\n\t\t\t\t\t\t\t<div class=\"elementor-spacer\">\n\t\t\t<div class=\"elementor-spacer-inner\"><\/div>\n\t\t<\/div>\n\t\t\t\t\t\t<\/div>\n\t\t\t\t<\/div>\n\t\t\t\t\t<\/div>\n\t\t<\/div>\n\t\t\t\t<div class=\"elementor-column elementor-col-50 elementor-top-column elementor-element elementor-element-9271b07\" data-id=\"9271b07\" data-element_type=\"column\" data-e-type=\"column\">\n\t\t\t<div class=\"elementor-widget-wrap elementor-element-populated\">\n\t\t\t\t\t\t<div class=\"elementor-element elementor-element-b89d8ee elementor-widget__width-initial elementor-widget elementor-widget-heading\" data-id=\"b89d8ee\" data-element_type=\"widget\" data-e-type=\"widget\" data-widget_type=\"heading.default\">\n\t\t\t\t<div class=\"elementor-widget-container\">\n\t\t\t\t\t<h2 class=\"elementor-heading-title elementor-size-default\">Lebensplanung \u00fcber 60<\/h2>\t\t\t\t<\/div>\n\t\t\t\t<\/div>\n\t\t\t\t<div class=\"elementor-element elementor-element-fd7091a elementor-widget elementor-widget-spacer\" data-id=\"fd7091a\" data-element_type=\"widget\" data-e-type=\"widget\" data-widget_type=\"spacer.default\">\n\t\t\t\t<div class=\"elementor-widget-container\">\n\t\t\t\t\t\t\t<div class=\"elementor-spacer\">\n\t\t\t<div class=\"elementor-spacer-inner\"><\/div>\n\t\t<\/div>\n\t\t\t\t\t\t<\/div>\n\t\t\t\t<\/div>\n\t\t\t\t<div class=\"elementor-element elementor-element-3afdacf elementor-widget-mobile__width-inherit elementor-widget__width-initial elementor-widget elementor-widget-text-editor\" data-id=\"3afdacf\" data-element_type=\"widget\" data-e-type=\"widget\" data-widget_type=\"text-editor.default\">\n\t\t\t\t<div class=\"elementor-widget-container\">\n\t\t\t\t\t\t\t\t\t<p>Wohin nun mit all Deiner Erfahrung, bevor sie \u00fcberholt wird? Wohin mit der Energie, die da noch ist? Auf der Basis meiner Karriereberater-Ausbildung und meines Wissens \u00fcber privates Stilcoaching stelle ich ein Programm f\u00fcr Dich zusammen, das Deinen n\u00e4chsten Schritten im Leben Richtung und Absicht gibt. Die Karriere im Sinn eines Lebensweges muss mit uns selbst zu tun haben \u2013 andernfalls wird sie eine H\u00fclle.<\/p><p>Daf\u00fcr setze ich die Tools der Karriereberatung ein, stelle die richtigen Fragen und lasse Dich mit den Antworten nicht allein.<\/p>\t\t\t\t\t\t\t\t<\/div>\n\t\t\t\t<\/div>\n\t\t\t\t\t<\/div>\n\t\t<\/div>\n\t\t\t\t\t<\/div>\n\t\t<\/section>\n\t\t\t\t<section class=\"elementor-section elementor-top-section elementor-element elementor-element-b492be6 elementor-section-boxed elementor-section-height-default elementor-section-height-default\" data-id=\"b492be6\" data-element_type=\"section\" data-e-type=\"section\" data-settings=\"{&quot;background_background&quot;:&quot;classic&quot;}\">\n\t\t\t\t\t\t<div class=\"elementor-container elementor-column-gap-default\">\n\t\t\t\t\t<div class=\"elementor-column elementor-col-100 elementor-top-column elementor-element elementor-element-1ccbde2\" data-id=\"1ccbde2\" data-element_type=\"column\" data-e-type=\"column\">\n\t\t\t<div class=\"elementor-widget-wrap elementor-element-populated\">\n\t\t\t\t\t\t<div class=\"elementor-element elementor-element-9d43942 elementor-widget elementor-widget-heading\" data-id=\"9d43942\" data-element_type=\"widget\" data-e-type=\"widget\" data-widget_type=\"heading.default\">\n\t\t\t\t<div class=\"elementor-widget-container\">\n\t\t\t\t\t<h2 class=\"elementor-heading-title elementor-size-default\">Dein authentisches Gegen\u00fcber<\/h2>\t\t\t\t<\/div>\n\t\t\t\t<\/div>\n\t\t\t\t<div class=\"elementor-element elementor-element-14eef03 elementor-widget elementor-widget-spacer\" data-id=\"14eef03\" data-element_type=\"widget\" data-e-type=\"widget\" data-widget_type=\"spacer.default\">\n\t\t\t\t<div class=\"elementor-widget-container\">\n\t\t\t\t\t\t\t<div class=\"elementor-spacer\">\n\t\t\t<div class=\"elementor-spacer-inner\"><\/div>\n\t\t<\/div>\n\t\t\t\t\t\t<\/div>\n\t\t\t\t<\/div>\n\t\t\t\t<div class=\"elementor-element elementor-element-cd624a6 elementor-widget-mobile__width-inherit elementor-widget elementor-widget-text-editor\" data-id=\"cd624a6\" data-element_type=\"widget\" data-e-type=\"widget\" data-widget_type=\"text-editor.default\">\n\t\t\t\t<div class=\"elementor-widget-container\">\n\t\t\t\t\t\t\t\t\t<p>Denn als lebenserfahrene Beraterin bin ich mit Empathie und Engagement an Deiner Seite und begn\u00fcge mich nicht mit R\u00fcckfragen, sondern entwickle auch eine Meinung, zu der Du Dich positionieren kannst. So wird ein echter Dialog daraus, der Dich weiterbringt.<\/p><p>Das Ergebnis ist, dass Du die richtigen Priorit\u00e4ten setzt und Dich in Deinem Leben wohlf\u00fchlst \u2013 Dich in Deiner neuen Aufgabe wiederfindest. \u00dcbrigens auch an jeder anderen Stelle Deiner Karriere: Dann kontaktiere mich, wenn Du weiterkommen willst:<br \/><a href=\"mailto:katharina@starlay.de\">katharina@starlay.de<\/a><\/p><p>Dein Wohlbefinden, Deine Gesundheit und Deine Zukunft haben diese Aufmerksamkeit verdient.<\/p>\t\t\t\t\t\t\t\t<\/div>\n\t\t\t\t<\/div>\n\t\t\t\t\t<\/div>\n\t\t<\/div>\n\t\t\t\t\t<\/div>\n\t\t<\/section>\n\t\t\t\t<section class=\"elementor-section elementor-top-section elementor-element elementor-element-e9e7787 elementor-section-boxed elementor-section-height-default elementor-section-height-default\" data-id=\"e9e7787\" data-element_type=\"section\" data-e-type=\"section\" data-settings=\"{&quot;background_background&quot;:&quot;classic&quot;}\">\n\t\t\t\t\t\t<div class=\"elementor-container elementor-column-gap-default\">\n\t\t\t\t\t<div class=\"elementor-column elementor-col-100 elementor-top-column elementor-element elementor-element-cf8602e\" data-id=\"cf8602e\" data-element_type=\"column\" data-e-type=\"column\">\n\t\t\t<div class=\"elementor-widget-wrap elementor-element-populated\">\n\t\t\t\t\t\t<div class=\"elementor-element elementor-element-58d2aaf elementor-widget elementor-widget-text-editor\" data-id=\"58d2aaf\" data-element_type=\"widget\" data-e-type=\"widget\" data-widget_type=\"text-editor.default\">\n\t\t\t\t<div class=\"elementor-widget-container\">\n\t\t\t\t\t\t\t\t\t<p>Lass&#8217; uns Pl\u00e4ne schmieden f\u00fcr Deine Zukunft.<\/p>\t\t\t\t\t\t\t\t<\/div>\n\t\t\t\t<\/div>\n\t\t\t\t<div class=\"elementor-element elementor-element-e530a6e elementor-align-center elementor-widget elementor-widget-button\" data-id=\"e530a6e\" data-element_type=\"widget\" data-e-type=\"widget\" data-widget_type=\"button.default\">\n\t\t\t\t<div class=\"elementor-widget-container\">\n\t\t\t\t\t\t\t\t\t<div class=\"elementor-button-wrapper\">\n\t\t\t\t\t<a class=\"elementor-button elementor-button-link elementor-size-sm\" href=\"https:\/\/dev.tylers.digital\/starlay\/kontakt\/\">\n\t\t\t\t\t\t<span class=\"elementor-button-content-wrapper\">\n\t\t\t\t\t\t\t\t\t<span class=\"elementor-button-text\">Kontakt<\/span>\n\t\t\t\t\t<\/span>\n\t\t\t\t\t<\/a>\n\t\t\t\t<\/div>\n\t\t\t\t\t\t\t\t<\/div>\n\t\t\t\t<\/div>\n\t\t\t\t\t<\/div>\n\t\t<\/div>\n\t\t\t\t\t<\/div>\n\t\t<\/section>\n\t\t\t\t<\/div>\n\t\t","protected":false},"excerpt":{"rendered":"<p>Ein guter Plan veredelt Deine Erfahrung und gibt den n\u00e4chsten Schritten Richtung und Absicht.<\/p>\n","protected":false},"author":3,"featured_media":1174,"parent":0,"menu_order":0,"comment_status":"closed","ping_status":"closed","template":"","meta":{"footnotes":""},"class_list":["post-27","page","type-page","status-publish","has-post-thumbnail","hentry"],"yoast_head":"<!-- This site is optimized with the Yoast SEO plugin v27.2 - https:\/\/yoast.com\/product\/yoast-seo-wordpress\/ -->\n<title>Inspiration im 3. Lebensabschnitt - Starlay<\/title>\n<meta name=\"description\" content=\"Wissen, wer Du bist und was Du kannst: Ein guter Plan veredelt Deine Erfahrung und gibt den n\u00e4chsten Schritten im Leben Richtung und Absicht.\" \/>\n<meta name=\"robots\" content=\"noindex, follow, max-snippet:-1, max-image-preview:large, max-video-preview:-1\" \/>\n<meta property=\"og:locale\" content=\"en_GB\" \/>\n<meta property=\"og:type\" content=\"article\" \/>\n<meta property=\"og:title\" content=\"Inspiration im 3. Lebens\u00adabschnitt\" \/>\n<meta property=\"og:description\" content=\"Ein guter Plan veredelt Deine Erfahrung und gibt den n\u00e4chsten Schritten Richtung und Absicht.\" \/>\n<meta property=\"og:url\" content=\"https:\/\/dev.tylers.digital\/starlay\/inspiration-im-3-lebensabschnitt-starlay\/\" \/>\n<meta property=\"og:site_name\" content=\"Starlay\" \/>\n<meta property=\"article:modified_time\" content=\"2024-05-13T20:33:26+00:00\" \/>\n<meta property=\"og:image\" content=\"https:\/\/dev.tylers.digital\/starlay\/wp-content\/uploads\/2024\/03\/Inspiration_Highlight.jpg\" \/>\n\t<meta property=\"og:image:width\" content=\"1920\" \/>\n\t<meta property=\"og:image:height\" content=\"1080\" \/>\n\t<meta property=\"og:image:type\" content=\"image\/jpeg\" \/>\n<meta name=\"twitter:card\" content=\"summary_large_image\" \/>\n<meta name=\"twitter:label1\" content=\"Estimated reading time\" \/>\n\t<meta name=\"twitter:data1\" content=\"2 minutes\" \/>\n<script type=\"application\/ld+json\" class=\"yoast-schema-graph\">{\"@context\":\"https:\/\/schema.org\",\"@graph\":[{\"@type\":\"WebPage\",\"@id\":\"https:\/\/dev.tylers.digital\/starlay\/inspiration-im-3-lebensabschnitt-starlay\/\",\"url\":\"https:\/\/dev.tylers.digital\/starlay\/inspiration-im-3-lebensabschnitt-starlay\/\",\"name\":\"Inspiration im 3. Lebensabschnitt - Starlay\",\"isPartOf\":{\"@id\":\"https:\/\/dev.tylers.digital\/starlay\/#website\"},\"primaryImageOfPage\":{\"@id\":\"https:\/\/dev.tylers.digital\/starlay\/inspiration-im-3-lebensabschnitt-starlay\/#primaryimage\"},\"image\":{\"@id\":\"https:\/\/dev.tylers.digital\/starlay\/inspiration-im-3-lebensabschnitt-starlay\/#primaryimage\"},\"thumbnailUrl\":\"https:\/\/dev.tylers.digital\/starlay\/wp-content\/uploads\/2024\/03\/Inspiration_Highlight.jpg\",\"datePublished\":\"2024-02-28T11:35:22+00:00\",\"dateModified\":\"2024-05-13T20:33:26+00:00\",\"description\":\"Wissen, wer Du bist und was Du kannst: Ein guter Plan veredelt Deine Erfahrung und gibt den n\u00e4chsten Schritten im Leben Richtung und Absicht.\",\"breadcrumb\":{\"@id\":\"https:\/\/dev.tylers.digital\/starlay\/inspiration-im-3-lebensabschnitt-starlay\/#breadcrumb\"},\"inLanguage\":\"en-GB\",\"potentialAction\":[{\"@type\":\"ReadAction\",\"target\":[\"https:\/\/dev.tylers.digital\/starlay\/inspiration-im-3-lebensabschnitt-starlay\/\"]}]},{\"@type\":\"ImageObject\",\"inLanguage\":\"en-GB\",\"@id\":\"https:\/\/dev.tylers.digital\/starlay\/inspiration-im-3-lebensabschnitt-starlay\/#primaryimage\",\"url\":\"https:\/\/dev.tylers.digital\/starlay\/wp-content\/uploads\/2024\/03\/Inspiration_Highlight.jpg\",\"contentUrl\":\"https:\/\/dev.tylers.digital\/starlay\/wp-content\/uploads\/2024\/03\/Inspiration_Highlight.jpg\",\"width\":1920,\"height\":1080},{\"@type\":\"BreadcrumbList\",\"@id\":\"https:\/\/dev.tylers.digital\/starlay\/inspiration-im-3-lebensabschnitt-starlay\/#breadcrumb\",\"itemListElement\":[{\"@type\":\"ListItem\",\"position\":1,\"name\":\"Startseite\",\"item\":\"https:\/\/dev.tylers.digital\/starlay\/\"},{\"@type\":\"ListItem\",\"position\":2,\"name\":\"Inspiration im 3. Lebensabschnitt\"}]},{\"@type\":\"WebSite\",\"@id\":\"https:\/\/dev.tylers.digital\/starlay\/#website\",\"url\":\"https:\/\/dev.tylers.digital\/starlay\/\",\"name\":\"Starlay\",\"description\":\"Corporate Imageberaterin und Modedesignerin\",\"publisher\":{\"@id\":\"https:\/\/dev.tylers.digital\/starlay\/#organization\"},\"potentialAction\":[{\"@type\":\"SearchAction\",\"target\":{\"@type\":\"EntryPoint\",\"urlTemplate\":\"https:\/\/dev.tylers.digital\/starlay\/?s={search_term_string}\"},\"query-input\":{\"@type\":\"PropertyValueSpecification\",\"valueRequired\":true,\"valueName\":\"search_term_string\"}}],\"inLanguage\":\"en-GB\"},{\"@type\":\"Organization\",\"@id\":\"https:\/\/dev.tylers.digital\/starlay\/#organization\",\"name\":\"Starlay\",\"url\":\"https:\/\/dev.tylers.digital\/starlay\/\",\"logo\":{\"@type\":\"ImageObject\",\"inLanguage\":\"en-GB\",\"@id\":\"https:\/\/dev.tylers.digital\/starlay\/#\/schema\/logo\/image\/\",\"url\":\"https:\/\/dev.tylers.digital\/starlay\/wp-content\/uploads\/2024\/02\/Logo_transparent.png\",\"contentUrl\":\"https:\/\/dev.tylers.digital\/starlay\/wp-content\/uploads\/2024\/02\/Logo_transparent.png\",\"width\":500,\"height\":318,\"caption\":\"Starlay\"},\"image\":{\"@id\":\"https:\/\/dev.tylers.digital\/starlay\/#\/schema\/logo\/image\/\"}}]}<\/script>\n<!-- \/ Yoast SEO plugin. -->","yoast_head_json":{"title":"Inspiration im 3. Lebensabschnitt - Starlay","description":"Wissen, wer Du bist und was Du kannst: Ein guter Plan veredelt Deine Erfahrung und gibt den n\u00e4chsten Schritten im Leben Richtung und Absicht.","robots":{"index":"noindex","follow":"follow","max-snippet":"max-snippet:-1","max-image-preview":"max-image-preview:large","max-video-preview":"max-video-preview:-1"},"og_locale":"en_GB","og_type":"article","og_title":"Inspiration im 3. Lebens\u00adabschnitt","og_description":"Ein guter Plan veredelt Deine Erfahrung und gibt den n\u00e4chsten Schritten Richtung und Absicht.","og_url":"https:\/\/dev.tylers.digital\/starlay\/inspiration-im-3-lebensabschnitt-starlay\/","og_site_name":"Starlay","article_modified_time":"2024-05-13T20:33:26+00:00","og_image":[{"width":1920,"height":1080,"url":"https:\/\/dev.tylers.digital\/starlay\/wp-content\/uploads\/2024\/03\/Inspiration_Highlight.jpg","type":"image\/jpeg"}],"twitter_card":"summary_large_image","twitter_misc":{"Estimated reading time":"2 minutes"},"schema":{"@context":"https:\/\/schema.org","@graph":[{"@type":"WebPage","@id":"https:\/\/dev.tylers.digital\/starlay\/inspiration-im-3-lebensabschnitt-starlay\/","url":"https:\/\/dev.tylers.digital\/starlay\/inspiration-im-3-lebensabschnitt-starlay\/","name":"Inspiration im 3. Lebensabschnitt - Starlay","isPartOf":{"@id":"https:\/\/dev.tylers.digital\/starlay\/#website"},"primaryImageOfPage":{"@id":"https:\/\/dev.tylers.digital\/starlay\/inspiration-im-3-lebensabschnitt-starlay\/#primaryimage"},"image":{"@id":"https:\/\/dev.tylers.digital\/starlay\/inspiration-im-3-lebensabschnitt-starlay\/#primaryimage"},"thumbnailUrl":"https:\/\/dev.tylers.digital\/starlay\/wp-content\/uploads\/2024\/03\/Inspiration_Highlight.jpg","datePublished":"2024-02-28T11:35:22+00:00","dateModified":"2024-05-13T20:33:26+00:00","description":"Wissen, wer Du bist und was Du kannst: Ein guter Plan veredelt Deine Erfahrung und gibt den n\u00e4chsten Schritten im Leben Richtung und Absicht.","breadcrumb":{"@id":"https:\/\/dev.tylers.digital\/starlay\/inspiration-im-3-lebensabschnitt-starlay\/#breadcrumb"},"inLanguage":"en-GB","potentialAction":[{"@type":"ReadAction","target":["https:\/\/dev.tylers.digital\/starlay\/inspiration-im-3-lebensabschnitt-starlay\/"]}]},{"@type":"ImageObject","inLanguage":"en-GB","@id":"https:\/\/dev.tylers.digital\/starlay\/inspiration-im-3-lebensabschnitt-starlay\/#primaryimage","url":"https:\/\/dev.tylers.digital\/starlay\/wp-content\/uploads\/2024\/03\/Inspiration_Highlight.jpg","contentUrl":"https:\/\/dev.tylers.digital\/starlay\/wp-content\/uploads\/2024\/03\/Inspiration_Highlight.jpg","width":1920,"height":1080},{"@type":"BreadcrumbList","@id":"https:\/\/dev.tylers.digital\/starlay\/inspiration-im-3-lebensabschnitt-starlay\/#breadcrumb","itemListElement":[{"@type":"ListItem","position":1,"name":"Startseite","item":"https:\/\/dev.tylers.digital\/starlay\/"},{"@type":"ListItem","position":2,"name":"Inspiration im 3. Lebensabschnitt"}]},{"@type":"WebSite","@id":"https:\/\/dev.tylers.digital\/starlay\/#website","url":"https:\/\/dev.tylers.digital\/starlay\/","name":"Starlay","description":"Corporate Imageberaterin und Modedesignerin","publisher":{"@id":"https:\/\/dev.tylers.digital\/starlay\/#organization"},"potentialAction":[{"@type":"SearchAction","target":{"@type":"EntryPoint","urlTemplate":"https:\/\/dev.tylers.digital\/starlay\/?s={search_term_string}"},"query-input":{"@type":"PropertyValueSpecification","valueRequired":true,"valueName":"search_term_string"}}],"inLanguage":"en-GB"},{"@type":"Organization","@id":"https:\/\/dev.tylers.digital\/starlay\/#organization","name":"Starlay","url":"https:\/\/dev.tylers.digital\/starlay\/","logo":{"@type":"ImageObject","inLanguage":"en-GB","@id":"https:\/\/dev.tylers.digital\/starlay\/#\/schema\/logo\/image\/","url":"https:\/\/dev.tylers.digital\/starlay\/wp-content\/uploads\/2024\/02\/Logo_transparent.png","contentUrl":"https:\/\/dev.tylers.digital\/starlay\/wp-content\/uploads\/2024\/02\/Logo_transparent.png","width":500,"height":318,"caption":"Starlay"},"image":{"@id":"https:\/\/dev.tylers.digital\/starlay\/#\/schema\/logo\/image\/"}}]}},"_links":{"self":[{"href":"https:\/\/dev.tylers.digital\/starlay\/wp-json\/wp\/v2\/pages\/27","targetHints":{"allow":["GET"]}}],"collection":[{"href":"https:\/\/dev.tylers.digital\/starlay\/wp-json\/wp\/v2\/pages"}],"about":[{"href":"https:\/\/dev.tylers.digital\/starlay\/wp-json\/wp\/v2\/types\/page"}],"author":[{"embeddable":true,"href":"https:\/\/dev.tylers.digital\/starlay\/wp-json\/wp\/v2\/users\/3"}],"replies":[{"embeddable":true,"href":"https:\/\/dev.tylers.digital\/starlay\/wp-json\/wp\/v2\/comments?post=27"}],"version-history":[{"count":275,"href":"https:\/\/dev.tylers.digital\/starlay\/wp-json\/wp\/v2\/pages\/27\/revisions"}],"predecessor-version":[{"id":3641,"href":"https:\/\/dev.tylers.digital\/starlay\/wp-json\/wp\/v2\/pages\/27\/revisions\/3641"}],"wp:featuredmedia":[{"embeddable":true,"href":"https:\/\/dev.tylers.digital\/starlay\/wp-json\/wp\/v2\/media\/1174"}],"wp:attachment":[{"href":"https:\/\/dev.tylers.digital\/starlay\/wp-json\/wp\/v2\/media?parent=27"}],"curies":[{"name":"wp","href":"https:\/\/api.w.org\/{rel}","templated":true}]}}