{"id":30,"date":"2024-02-28T11:35:36","date_gmt":"2024-02-28T11:35:36","guid":{"rendered":"https:\/\/dev.tylers.digital\/starlay\/?page_id=30"},"modified":"2024-05-13T20:43:24","modified_gmt":"2024-05-13T20:43:24","slug":"rentner-auf-mallorca-starlay","status":"publish","type":"page","link":"https:\/\/dev.tylers.digital\/starlay\/rentner-auf-mallorca-starlay\/","title":{"rendered":"Rentner auf Mallorca"},"content":{"rendered":"\t\t<div data-elementor-type=\"wp-page\" data-elementor-id=\"30\" class=\"elementor elementor-30\" data-elementor-post-type=\"page\">\n\t\t\t\t\t\t<section class=\"elementor-section elementor-top-section elementor-element elementor-element-08bc4e1 elementor-section-height-min-height elementor-reverse-tablet elementor-reverse-mobile elementor-section-boxed elementor-section-height-default elementor-section-items-middle\" data-id=\"08bc4e1\" data-element_type=\"section\" data-e-type=\"section\" data-settings=\"{&quot;background_background&quot;:&quot;classic&quot;}\">\n\t\t\t\t\t\t<div class=\"elementor-container elementor-column-gap-default\">\n\t\t\t\t\t<div class=\"elementor-column elementor-col-50 elementor-top-column elementor-element elementor-element-35bf493\" data-id=\"35bf493\" data-element_type=\"column\" data-e-type=\"column\">\n\t\t\t<div class=\"elementor-widget-wrap elementor-element-populated\">\n\t\t\t\t\t\t<div class=\"elementor-element elementor-element-2bb1062 elementor-widget elementor-widget-heading\" data-id=\"2bb1062\" data-element_type=\"widget\" data-e-type=\"widget\" data-widget_type=\"heading.default\">\n\t\t\t\t<div class=\"elementor-widget-container\">\n\t\t\t\t\t<h1 class=\"elementor-heading-title elementor-size-default\">Rentner auf Mallorca<\/h1>\t\t\t\t<\/div>\n\t\t\t\t<\/div>\n\t\t\t\t<div class=\"elementor-element elementor-element-112c921 elementor-widget-mobile__width-initial elementor-widget-tablet__width-initial elementor-widget elementor-widget-text-editor\" data-id=\"112c921\" data-element_type=\"widget\" data-e-type=\"widget\" data-widget_type=\"text-editor.default\">\n\t\t\t\t<div class=\"elementor-widget-container\">\n\t\t\t\t\t\t\t\t\t<p>Meine Babyboomer-Beratung hilft Dir dabei, das ber\u00fchmte Loch in Deinem \u201eLeben nach dem Beruf\u201c zu vermeiden.<\/p>\t\t\t\t\t\t\t\t<\/div>\n\t\t\t\t<\/div>\n\t\t\t\t<div class=\"elementor-element elementor-element-57be48d elementor-widget elementor-widget-button\" data-id=\"57be48d\" data-element_type=\"widget\" data-e-type=\"widget\" data-widget_type=\"button.default\">\n\t\t\t\t<div class=\"elementor-widget-container\">\n\t\t\t\t\t\t\t\t\t<div class=\"elementor-button-wrapper\">\n\t\t\t\t\t<a class=\"elementor-button elementor-button-link elementor-size-sm\" href=\"#info\">\n\t\t\t\t\t\t<span class=\"elementor-button-content-wrapper\">\n\t\t\t\t\t\t<span class=\"elementor-button-icon\">\n\t\t\t\t<svg aria-hidden=\"true\" class=\"e-font-icon-svg e-fas-chevron-down\" viewBox=\"0 0 448 512\" xmlns=\"http:\/\/www.w3.org\/2000\/svg\"><path d=\"M207.029 381.476L12.686 187.132c-9.373-9.373-9.373-24.569 0-33.941l22.667-22.667c9.357-9.357 24.522-9.375 33.901-.04L224 284.505l154.745-154.021c9.379-9.335 24.544-9.317 33.901.04l22.667 22.667c9.373 9.373 9.373 24.569 0 33.941L240.971 381.476c-9.373 9.372-24.569 9.372-33.942 0z\"><\/path><\/svg>\t\t\t<\/span>\n\t\t\t\t\t\t\t\t\t<span class=\"elementor-button-text\">Wie das geht<\/span>\n\t\t\t\t\t<\/span>\n\t\t\t\t\t<\/a>\n\t\t\t\t<\/div>\n\t\t\t\t\t\t\t\t<\/div>\n\t\t\t\t<\/div>\n\t\t\t\t\t<\/div>\n\t\t<\/div>\n\t\t\t\t<div class=\"elementor-column elementor-col-50 elementor-top-column elementor-element elementor-element-c700050\" data-id=\"c700050\" data-element_type=\"column\" data-e-type=\"column\">\n\t\t\t<div class=\"elementor-widget-wrap\">\n\t\t\t\t\t\t\t<\/div>\n\t\t<\/div>\n\t\t\t\t\t<\/div>\n\t\t<\/section>\n\t\t\t\t<section class=\"elementor-section elementor-top-section elementor-element elementor-element-ab01302 elementor-section-height-min-height elementor-section-full_width elementor-section-items-stretch elementor-section-height-default\" data-id=\"ab01302\" data-element_type=\"section\" data-e-type=\"section\" id=\"info\">\n\t\t\t\t\t\t<div class=\"elementor-container elementor-column-gap-default\">\n\t\t\t\t\t<div class=\"elementor-column elementor-col-50 elementor-top-column elementor-element elementor-element-d49c0a9\" data-id=\"d49c0a9\" data-element_type=\"column\" data-e-type=\"column\">\n\t\t\t<div class=\"elementor-widget-wrap elementor-element-populated\">\n\t\t\t\t\t\t<div class=\"elementor-element elementor-element-840341f elementor-widget__width-initial elementor-widget elementor-widget-heading\" data-id=\"840341f\" data-element_type=\"widget\" data-e-type=\"widget\" data-widget_type=\"heading.default\">\n\t\t\t\t<div class=\"elementor-widget-container\">\n\t\t\t\t\t<h2 class=\"elementor-heading-title elementor-size-default\">Deinen Lebensplan entspannt entwickeln<\/h2>\t\t\t\t<\/div>\n\t\t\t\t<\/div>\n\t\t\t\t<div class=\"elementor-element elementor-element-071ee2a elementor-widget elementor-widget-spacer\" data-id=\"071ee2a\" data-element_type=\"widget\" data-e-type=\"widget\" data-widget_type=\"spacer.default\">\n\t\t\t\t<div class=\"elementor-widget-container\">\n\t\t\t\t\t\t\t<div class=\"elementor-spacer\">\n\t\t\t<div class=\"elementor-spacer-inner\"><\/div>\n\t\t<\/div>\n\t\t\t\t\t\t<\/div>\n\t\t\t\t<\/div>\n\t\t\t\t<div class=\"elementor-element elementor-element-1ffec63 elementor-widget-mobile__width-inherit elementor-widget__width-initial elementor-widget elementor-widget-text-editor\" data-id=\"1ffec63\" data-element_type=\"widget\" data-e-type=\"widget\" data-widget_type=\"text-editor.default\">\n\t\t\t\t<div class=\"elementor-widget-container\">\n\t\t\t\t\t\t\t\t\t<p>Altern ist das eine gro\u00dfe \u201eDing\u201c im Leben, f\u00fcr das niemand etwas tun muss \u2013 jede:r kommt dran. Dabei sollte sich der Blick nicht darauf heften, wie alt wir werden, sondern wie wir alt werden.<\/p><p>Nach einer Pensionierung werden erst einmal all die Dinge getan, die man \u201eimmer vor sich hergeschoben hat und lange mal tun wollte\u201c. Das Haus bekommt einen neuen Anstrich, Reisen werden nachgeholt und die M\u00fcdigkeit des Erwerbslebens aus dem Leib geschlafen. Vielleicht hast Du Dir auch einen Traum erf\u00fcllt und Dir eine Immobilie auf Mallorca oder an einem anderen Ort Deiner Sehnsucht gekauft. Und dann?<br \/><br \/>Nimm&#8217; es selbst in die Hand und kontaktiere mich: <a href=\"mailto:katharina@starlay.de\">katharina@starlay.de<\/a><\/p>\t\t\t\t\t\t\t\t<\/div>\n\t\t\t\t<\/div>\n\t\t\t\t\t<\/div>\n\t\t<\/div>\n\t\t\t\t<div class=\"elementor-column elementor-col-50 elementor-top-column elementor-element elementor-element-550a7e9\" data-id=\"550a7e9\" data-element_type=\"column\" data-e-type=\"column\" data-settings=\"{&quot;background_background&quot;:&quot;classic&quot;}\">\n\t\t\t<div class=\"elementor-widget-wrap elementor-element-populated\">\n\t\t\t\t\t\t<div class=\"elementor-element elementor-element-7c6e6e6 elementor-widget elementor-widget-spacer\" data-id=\"7c6e6e6\" data-element_type=\"widget\" data-e-type=\"widget\" data-widget_type=\"spacer.default\">\n\t\t\t\t<div class=\"elementor-widget-container\">\n\t\t\t\t\t\t\t<div class=\"elementor-spacer\">\n\t\t\t<div class=\"elementor-spacer-inner\"><\/div>\n\t\t<\/div>\n\t\t\t\t\t\t<\/div>\n\t\t\t\t<\/div>\n\t\t\t\t\t<\/div>\n\t\t<\/div>\n\t\t\t\t\t<\/div>\n\t\t<\/section>\n\t\t\t\t<section class=\"elementor-section elementor-top-section elementor-element elementor-element-7f2d7eb elementor-section-height-min-height elementor-section-full_width elementor-section-items-stretch elementor-reverse-tablet elementor-reverse-mobile elementor-section-height-default\" data-id=\"7f2d7eb\" data-element_type=\"section\" data-e-type=\"section\">\n\t\t\t\t\t\t<div class=\"elementor-container elementor-column-gap-default\">\n\t\t\t\t\t<div class=\"elementor-column elementor-col-50 elementor-top-column elementor-element elementor-element-dd8f8eb\" data-id=\"dd8f8eb\" data-element_type=\"column\" data-e-type=\"column\" data-settings=\"{&quot;background_background&quot;:&quot;classic&quot;}\">\n\t\t\t<div class=\"elementor-widget-wrap elementor-element-populated\">\n\t\t\t\t\t\t<div class=\"elementor-element elementor-element-6e55839 elementor-widget elementor-widget-spacer\" data-id=\"6e55839\" data-element_type=\"widget\" data-e-type=\"widget\" data-widget_type=\"spacer.default\">\n\t\t\t\t<div class=\"elementor-widget-container\">\n\t\t\t\t\t\t\t<div class=\"elementor-spacer\">\n\t\t\t<div class=\"elementor-spacer-inner\"><\/div>\n\t\t<\/div>\n\t\t\t\t\t\t<\/div>\n\t\t\t\t<\/div>\n\t\t\t\t\t<\/div>\n\t\t<\/div>\n\t\t\t\t<div class=\"elementor-column elementor-col-50 elementor-top-column elementor-element elementor-element-6fc91db\" data-id=\"6fc91db\" data-element_type=\"column\" data-e-type=\"column\">\n\t\t\t<div class=\"elementor-widget-wrap elementor-element-populated\">\n\t\t\t\t\t\t<div class=\"elementor-element elementor-element-e14d2bc elementor-widget__width-initial elementor-widget elementor-widget-heading\" data-id=\"e14d2bc\" data-element_type=\"widget\" data-e-type=\"widget\" data-widget_type=\"heading.default\">\n\t\t\t\t<div class=\"elementor-widget-container\">\n\t\t\t\t\t<h2 class=\"elementor-heading-title elementor-size-default\">Inspiration statt Leere<\/h2>\t\t\t\t<\/div>\n\t\t\t\t<\/div>\n\t\t\t\t<div class=\"elementor-element elementor-element-e045e8d elementor-widget elementor-widget-spacer\" data-id=\"e045e8d\" data-element_type=\"widget\" data-e-type=\"widget\" data-widget_type=\"spacer.default\">\n\t\t\t\t<div class=\"elementor-widget-container\">\n\t\t\t\t\t\t\t<div class=\"elementor-spacer\">\n\t\t\t<div class=\"elementor-spacer-inner\"><\/div>\n\t\t<\/div>\n\t\t\t\t\t\t<\/div>\n\t\t\t\t<\/div>\n\t\t\t\t<div class=\"elementor-element elementor-element-233b3a4 elementor-widget-mobile__width-inherit elementor-widget__width-initial elementor-widget elementor-widget-text-editor\" data-id=\"233b3a4\" data-element_type=\"widget\" data-e-type=\"widget\" data-widget_type=\"text-editor.default\">\n\t\t\t\t<div class=\"elementor-widget-container\">\n\t\t\t\t\t\t\t\t\tUm das ber\u00fchmte Loch zu vermeiden, solltest Du Dich schon vor der Pensionierung darum k\u00fcmmern, was kommen kann, wenn alles erreicht und der Traum erf\u00fcllt ist. \n\nMeine Babyboomer-Beratung hilft Dir dabei, Dich zu sortieren und Deinen Weg zu gehen, damit Du Dich in Deinem Leben nach dem Beruf wiederfinden kannst. Hier bekommt Deine eigene Idee von Deinem Leben Raum. Gerade wenn Du Dich immer stark \u00fcber Deinen Beruf definiert hast, tust Du Dich schwer mit dem Ruhestand: Dem kannst Du vorbeugen! Ich begleite Dich \u201evon remote\u201c am Ort Deines Herzens oder aber hier:\t\t\t\t\t\t\t\t<\/div>\n\t\t\t\t<\/div>\n\t\t\t\t\t<\/div>\n\t\t<\/div>\n\t\t\t\t\t<\/div>\n\t\t<\/section>\n\t\t\t\t<section class=\"elementor-section elementor-top-section elementor-element elementor-element-9da5349 elementor-section-boxed elementor-section-height-default elementor-section-height-default\" data-id=\"9da5349\" data-element_type=\"section\" data-e-type=\"section\" data-settings=\"{&quot;background_background&quot;:&quot;classic&quot;}\">\n\t\t\t\t\t\t<div class=\"elementor-container elementor-column-gap-default\">\n\t\t\t\t\t<div class=\"elementor-column elementor-col-100 elementor-top-column elementor-element elementor-element-e912e9a\" data-id=\"e912e9a\" data-element_type=\"column\" data-e-type=\"column\">\n\t\t\t<div class=\"elementor-widget-wrap elementor-element-populated\">\n\t\t\t\t\t\t<div class=\"elementor-element elementor-element-c8857b7 elementor-widget elementor-widget-heading\" data-id=\"c8857b7\" data-element_type=\"widget\" data-e-type=\"widget\" data-widget_type=\"heading.default\">\n\t\t\t\t<div class=\"elementor-widget-container\">\n\t\t\t\t\t<h2 class=\"elementor-heading-title elementor-size-default\">Mallorca, eine Insel mit hoher Energie<\/h2>\t\t\t\t<\/div>\n\t\t\t\t<\/div>\n\t\t\t\t<div class=\"elementor-element elementor-element-1075a26 elementor-widget elementor-widget-spacer\" data-id=\"1075a26\" data-element_type=\"widget\" data-e-type=\"widget\" data-widget_type=\"spacer.default\">\n\t\t\t\t<div class=\"elementor-widget-container\">\n\t\t\t\t\t\t\t<div class=\"elementor-spacer\">\n\t\t\t<div class=\"elementor-spacer-inner\"><\/div>\n\t\t<\/div>\n\t\t\t\t\t\t<\/div>\n\t\t\t\t<\/div>\n\t\t\t\t<div class=\"elementor-element elementor-element-83d324b elementor-widget-mobile__width-inherit elementor-widget elementor-widget-text-editor\" data-id=\"83d324b\" data-element_type=\"widget\" data-e-type=\"widget\" data-widget_type=\"text-editor.default\">\n\t\t\t\t<div class=\"elementor-widget-container\">\n\t\t\t\t\t\t\t\t\t<p>Ob satt-gr\u00fcne Fr\u00fchlingstage mit Inselluft \u2013 lange, bevor in Deutschland die ersten Bl\u00e4tter kommen \u2013 oder hei\u00dfe Sonnen- und Badetage im Hochsommer, ob ein Wechsel warmer Septemberbuchten mit k\u00fchlen Herbstn\u00e4chten oder die stillen Tage des Januar mit bald folgender Mandelbl\u00fcte: Mallorca bleibt das Reiseziel f\u00fcr Kenner.<\/p><p>Hier l\u00e4sst sich besonders gut \u00fcber das Leben an sich und die weitere Lebensplanung reflektieren. Die z\u00fcndende Idee, hier kann sie kommen. Da ich selbst hier lebe, begleite Dich live, wenn Du Deinen Aufenthalt auf der Insel f\u00fcr dieses Innehalten nutzen m\u00f6chtest. Sprich mich f\u00fcr die Planung einfach an: <a href=\"mailto:katharina@starlay.de\">katharina@starlay.de<\/a><\/p><p>Wir sehen uns auf Mallorca \u2013 da, wo das Tal von dem L\u00e4uten der Schafglocken und dem Flutlicht der Sterne gerockt wird. Und wo man sich selbst sehr nahe kommt.<\/p>\t\t\t\t\t\t\t\t<\/div>\n\t\t\t\t<\/div>\n\t\t\t\t\t<\/div>\n\t\t<\/div>\n\t\t\t\t\t<\/div>\n\t\t<\/section>\n\t\t\t\t<section class=\"elementor-section elementor-top-section elementor-element elementor-element-8adc4e5 elementor-section-boxed elementor-section-height-default elementor-section-height-default\" data-id=\"8adc4e5\" data-element_type=\"section\" data-e-type=\"section\" data-settings=\"{&quot;background_background&quot;:&quot;classic&quot;}\">\n\t\t\t\t\t\t<div class=\"elementor-container elementor-column-gap-default\">\n\t\t\t\t\t<div class=\"elementor-column elementor-col-100 elementor-top-column elementor-element elementor-element-ac74b2b\" data-id=\"ac74b2b\" data-element_type=\"column\" data-e-type=\"column\">\n\t\t\t<div class=\"elementor-widget-wrap elementor-element-populated\">\n\t\t\t\t\t\t<div class=\"elementor-element elementor-element-49df96d elementor-widget elementor-widget-text-editor\" data-id=\"49df96d\" data-element_type=\"widget\" data-e-type=\"widget\" data-widget_type=\"text-editor.default\">\n\t\t\t\t<div class=\"elementor-widget-container\">\n\t\t\t\t\t\t\t\t\t<p>Lass&#8217; uns Pl\u00e4ne schmieden f\u00fcr Deine Zukunft.<\/p>\t\t\t\t\t\t\t\t<\/div>\n\t\t\t\t<\/div>\n\t\t\t\t<div class=\"elementor-element elementor-element-8c6becd elementor-align-center elementor-widget elementor-widget-button\" data-id=\"8c6becd\" data-element_type=\"widget\" data-e-type=\"widget\" data-widget_type=\"button.default\">\n\t\t\t\t<div class=\"elementor-widget-container\">\n\t\t\t\t\t\t\t\t\t<div class=\"elementor-button-wrapper\">\n\t\t\t\t\t<a class=\"elementor-button elementor-button-link elementor-size-sm\" href=\"https:\/\/dev.tylers.digital\/starlay\/kontakt\/\">\n\t\t\t\t\t\t<span class=\"elementor-button-content-wrapper\">\n\t\t\t\t\t\t\t\t\t<span class=\"elementor-button-text\">Kontakt<\/span>\n\t\t\t\t\t<\/span>\n\t\t\t\t\t<\/a>\n\t\t\t\t<\/div>\n\t\t\t\t\t\t\t\t<\/div>\n\t\t\t\t<\/div>\n\t\t\t\t\t<\/div>\n\t\t<\/div>\n\t\t\t\t\t<\/div>\n\t\t<\/section>\n\t\t\t\t<\/div>\n\t\t","protected":false},"excerpt":{"rendered":"<p>Meine Babyboomer-Beratung hilft Dir dabei, das ber\u00fchmte Loch in Deinem \u201eLeben nach dem Beruf\u201c zu vermeiden.<\/p>\n","protected":false},"author":3,"featured_media":1280,"parent":0,"menu_order":0,"comment_status":"closed","ping_status":"closed","template":"","meta":{"footnotes":""},"class_list":["post-30","page","type-page","status-publish","has-post-thumbnail","hentry"],"yoast_head":"<!-- This site is optimized with the Yoast SEO plugin v27.2 - https:\/\/yoast.com\/product\/yoast-seo-wordpress\/ -->\n<title>Rentner auf Mallorca - Starlay<\/title>\n<meta name=\"description\" content=\"Meine Babyboomer-Beratung hilft Dir dabei, das ber\u00fchmte Loch in Deinem \u201eLeben nach dem Beruf\u201c zu vermeiden.\" \/>\n<meta name=\"robots\" content=\"noindex, follow, max-snippet:-1, max-image-preview:large, max-video-preview:-1\" \/>\n<meta property=\"og:locale\" content=\"en_GB\" \/>\n<meta property=\"og:type\" content=\"article\" \/>\n<meta property=\"og:title\" content=\"Rentner auf Mallorca\" \/>\n<meta property=\"og:description\" content=\"Meine Babyboomer-Beratung hilft Dir dabei, das ber\u00fchmte Loch in Deinem \u201eLeben nach dem Beruf\u201c zu vermeiden.\" \/>\n<meta property=\"og:url\" content=\"https:\/\/dev.tylers.digital\/starlay\/rentner-auf-mallorca-starlay\/\" \/>\n<meta property=\"og:site_name\" content=\"Starlay\" \/>\n<meta property=\"article:modified_time\" content=\"2024-05-13T20:43:24+00:00\" \/>\n<meta property=\"og:image\" content=\"https:\/\/dev.tylers.digital\/starlay\/wp-content\/uploads\/2024\/03\/Renter_auf_Mallorca_Highlight.jpg\" \/>\n\t<meta property=\"og:image:width\" content=\"1920\" \/>\n\t<meta property=\"og:image:height\" content=\"1080\" \/>\n\t<meta property=\"og:image:type\" content=\"image\/jpeg\" \/>\n<meta name=\"twitter:card\" content=\"summary_large_image\" \/>\n<meta name=\"twitter:label1\" content=\"Estimated reading time\" \/>\n\t<meta name=\"twitter:data1\" content=\"3 minutes\" \/>\n<script type=\"application\/ld+json\" class=\"yoast-schema-graph\">{\"@context\":\"https:\/\/schema.org\",\"@graph\":[{\"@type\":\"WebPage\",\"@id\":\"https:\/\/dev.tylers.digital\/starlay\/rentner-auf-mallorca-starlay\/\",\"url\":\"https:\/\/dev.tylers.digital\/starlay\/rentner-auf-mallorca-starlay\/\",\"name\":\"Rentner auf Mallorca - Starlay\",\"isPartOf\":{\"@id\":\"https:\/\/dev.tylers.digital\/starlay\/#website\"},\"primaryImageOfPage\":{\"@id\":\"https:\/\/dev.tylers.digital\/starlay\/rentner-auf-mallorca-starlay\/#primaryimage\"},\"image\":{\"@id\":\"https:\/\/dev.tylers.digital\/starlay\/rentner-auf-mallorca-starlay\/#primaryimage\"},\"thumbnailUrl\":\"https:\/\/dev.tylers.digital\/starlay\/wp-content\/uploads\/2024\/03\/Renter_auf_Mallorca_Highlight.jpg\",\"datePublished\":\"2024-02-28T11:35:36+00:00\",\"dateModified\":\"2024-05-13T20:43:24+00:00\",\"description\":\"Meine Babyboomer-Beratung hilft Dir dabei, das ber\u00fchmte Loch in Deinem \u201eLeben nach dem Beruf\u201c zu vermeiden.\",\"breadcrumb\":{\"@id\":\"https:\/\/dev.tylers.digital\/starlay\/rentner-auf-mallorca-starlay\/#breadcrumb\"},\"inLanguage\":\"en-GB\",\"potentialAction\":[{\"@type\":\"ReadAction\",\"target\":[\"https:\/\/dev.tylers.digital\/starlay\/rentner-auf-mallorca-starlay\/\"]}]},{\"@type\":\"ImageObject\",\"inLanguage\":\"en-GB\",\"@id\":\"https:\/\/dev.tylers.digital\/starlay\/rentner-auf-mallorca-starlay\/#primaryimage\",\"url\":\"https:\/\/dev.tylers.digital\/starlay\/wp-content\/uploads\/2024\/03\/Renter_auf_Mallorca_Highlight.jpg\",\"contentUrl\":\"https:\/\/dev.tylers.digital\/starlay\/wp-content\/uploads\/2024\/03\/Renter_auf_Mallorca_Highlight.jpg\",\"width\":1920,\"height\":1080},{\"@type\":\"BreadcrumbList\",\"@id\":\"https:\/\/dev.tylers.digital\/starlay\/rentner-auf-mallorca-starlay\/#breadcrumb\",\"itemListElement\":[{\"@type\":\"ListItem\",\"position\":1,\"name\":\"Startseite\",\"item\":\"https:\/\/dev.tylers.digital\/starlay\/\"},{\"@type\":\"ListItem\",\"position\":2,\"name\":\"Rentner auf Mallorca\"}]},{\"@type\":\"WebSite\",\"@id\":\"https:\/\/dev.tylers.digital\/starlay\/#website\",\"url\":\"https:\/\/dev.tylers.digital\/starlay\/\",\"name\":\"Starlay\",\"description\":\"Corporate Imageberaterin und Modedesignerin\",\"publisher\":{\"@id\":\"https:\/\/dev.tylers.digital\/starlay\/#organization\"},\"potentialAction\":[{\"@type\":\"SearchAction\",\"target\":{\"@type\":\"EntryPoint\",\"urlTemplate\":\"https:\/\/dev.tylers.digital\/starlay\/?s={search_term_string}\"},\"query-input\":{\"@type\":\"PropertyValueSpecification\",\"valueRequired\":true,\"valueName\":\"search_term_string\"}}],\"inLanguage\":\"en-GB\"},{\"@type\":\"Organization\",\"@id\":\"https:\/\/dev.tylers.digital\/starlay\/#organization\",\"name\":\"Starlay\",\"url\":\"https:\/\/dev.tylers.digital\/starlay\/\",\"logo\":{\"@type\":\"ImageObject\",\"inLanguage\":\"en-GB\",\"@id\":\"https:\/\/dev.tylers.digital\/starlay\/#\/schema\/logo\/image\/\",\"url\":\"https:\/\/dev.tylers.digital\/starlay\/wp-content\/uploads\/2024\/02\/Logo_transparent.png\",\"contentUrl\":\"https:\/\/dev.tylers.digital\/starlay\/wp-content\/uploads\/2024\/02\/Logo_transparent.png\",\"width\":500,\"height\":318,\"caption\":\"Starlay\"},\"image\":{\"@id\":\"https:\/\/dev.tylers.digital\/starlay\/#\/schema\/logo\/image\/\"}}]}<\/script>\n<!-- \/ Yoast SEO plugin. -->","yoast_head_json":{"title":"Rentner auf Mallorca - Starlay","description":"Meine Babyboomer-Beratung hilft Dir dabei, das ber\u00fchmte Loch in Deinem \u201eLeben nach dem Beruf\u201c zu vermeiden.","robots":{"index":"noindex","follow":"follow","max-snippet":"max-snippet:-1","max-image-preview":"max-image-preview:large","max-video-preview":"max-video-preview:-1"},"og_locale":"en_GB","og_type":"article","og_title":"Rentner auf Mallorca","og_description":"Meine Babyboomer-Beratung hilft Dir dabei, das ber\u00fchmte Loch in Deinem \u201eLeben nach dem Beruf\u201c zu vermeiden.","og_url":"https:\/\/dev.tylers.digital\/starlay\/rentner-auf-mallorca-starlay\/","og_site_name":"Starlay","article_modified_time":"2024-05-13T20:43:24+00:00","og_image":[{"width":1920,"height":1080,"url":"https:\/\/dev.tylers.digital\/starlay\/wp-content\/uploads\/2024\/03\/Renter_auf_Mallorca_Highlight.jpg","type":"image\/jpeg"}],"twitter_card":"summary_large_image","twitter_misc":{"Estimated reading time":"3 minutes"},"schema":{"@context":"https:\/\/schema.org","@graph":[{"@type":"WebPage","@id":"https:\/\/dev.tylers.digital\/starlay\/rentner-auf-mallorca-starlay\/","url":"https:\/\/dev.tylers.digital\/starlay\/rentner-auf-mallorca-starlay\/","name":"Rentner auf Mallorca - Starlay","isPartOf":{"@id":"https:\/\/dev.tylers.digital\/starlay\/#website"},"primaryImageOfPage":{"@id":"https:\/\/dev.tylers.digital\/starlay\/rentner-auf-mallorca-starlay\/#primaryimage"},"image":{"@id":"https:\/\/dev.tylers.digital\/starlay\/rentner-auf-mallorca-starlay\/#primaryimage"},"thumbnailUrl":"https:\/\/dev.tylers.digital\/starlay\/wp-content\/uploads\/2024\/03\/Renter_auf_Mallorca_Highlight.jpg","datePublished":"2024-02-28T11:35:36+00:00","dateModified":"2024-05-13T20:43:24+00:00","description":"Meine Babyboomer-Beratung hilft Dir dabei, das ber\u00fchmte Loch in Deinem \u201eLeben nach dem Beruf\u201c zu vermeiden.","breadcrumb":{"@id":"https:\/\/dev.tylers.digital\/starlay\/rentner-auf-mallorca-starlay\/#breadcrumb"},"inLanguage":"en-GB","potentialAction":[{"@type":"ReadAction","target":["https:\/\/dev.tylers.digital\/starlay\/rentner-auf-mallorca-starlay\/"]}]},{"@type":"ImageObject","inLanguage":"en-GB","@id":"https:\/\/dev.tylers.digital\/starlay\/rentner-auf-mallorca-starlay\/#primaryimage","url":"https:\/\/dev.tylers.digital\/starlay\/wp-content\/uploads\/2024\/03\/Renter_auf_Mallorca_Highlight.jpg","contentUrl":"https:\/\/dev.tylers.digital\/starlay\/wp-content\/uploads\/2024\/03\/Renter_auf_Mallorca_Highlight.jpg","width":1920,"height":1080},{"@type":"BreadcrumbList","@id":"https:\/\/dev.tylers.digital\/starlay\/rentner-auf-mallorca-starlay\/#breadcrumb","itemListElement":[{"@type":"ListItem","position":1,"name":"Startseite","item":"https:\/\/dev.tylers.digital\/starlay\/"},{"@type":"ListItem","position":2,"name":"Rentner auf Mallorca"}]},{"@type":"WebSite","@id":"https:\/\/dev.tylers.digital\/starlay\/#website","url":"https:\/\/dev.tylers.digital\/starlay\/","name":"Starlay","description":"Corporate Imageberaterin und Modedesignerin","publisher":{"@id":"https:\/\/dev.tylers.digital\/starlay\/#organization"},"potentialAction":[{"@type":"SearchAction","target":{"@type":"EntryPoint","urlTemplate":"https:\/\/dev.tylers.digital\/starlay\/?s={search_term_string}"},"query-input":{"@type":"PropertyValueSpecification","valueRequired":true,"valueName":"search_term_string"}}],"inLanguage":"en-GB"},{"@type":"Organization","@id":"https:\/\/dev.tylers.digital\/starlay\/#organization","name":"Starlay","url":"https:\/\/dev.tylers.digital\/starlay\/","logo":{"@type":"ImageObject","inLanguage":"en-GB","@id":"https:\/\/dev.tylers.digital\/starlay\/#\/schema\/logo\/image\/","url":"https:\/\/dev.tylers.digital\/starlay\/wp-content\/uploads\/2024\/02\/Logo_transparent.png","contentUrl":"https:\/\/dev.tylers.digital\/starlay\/wp-content\/uploads\/2024\/02\/Logo_transparent.png","width":500,"height":318,"caption":"Starlay"},"image":{"@id":"https:\/\/dev.tylers.digital\/starlay\/#\/schema\/logo\/image\/"}}]}},"_links":{"self":[{"href":"https:\/\/dev.tylers.digital\/starlay\/wp-json\/wp\/v2\/pages\/30","targetHints":{"allow":["GET"]}}],"collection":[{"href":"https:\/\/dev.tylers.digital\/starlay\/wp-json\/wp\/v2\/pages"}],"about":[{"href":"https:\/\/dev.tylers.digital\/starlay\/wp-json\/wp\/v2\/types\/page"}],"author":[{"embeddable":true,"href":"https:\/\/dev.tylers.digital\/starlay\/wp-json\/wp\/v2\/users\/3"}],"replies":[{"embeddable":true,"href":"https:\/\/dev.tylers.digital\/starlay\/wp-json\/wp\/v2\/comments?post=30"}],"version-history":[{"count":113,"href":"https:\/\/dev.tylers.digital\/starlay\/wp-json\/wp\/v2\/pages\/30\/revisions"}],"predecessor-version":[{"id":3650,"href":"https:\/\/dev.tylers.digital\/starlay\/wp-json\/wp\/v2\/pages\/30\/revisions\/3650"}],"wp:featuredmedia":[{"embeddable":true,"href":"https:\/\/dev.tylers.digital\/starlay\/wp-json\/wp\/v2\/media\/1280"}],"wp:attachment":[{"href":"https:\/\/dev.tylers.digital\/starlay\/wp-json\/wp\/v2\/media?parent=30"}],"curies":[{"name":"wp","href":"https:\/\/api.w.org\/{rel}","templated":true}]}}