{"id":36,"date":"2024-02-28T11:36:21","date_gmt":"2024-02-28T11:36:21","guid":{"rendered":"https:\/\/dev.tylers.digital\/starlay\/?page_id=36"},"modified":"2024-05-13T20:41:34","modified_gmt":"2024-05-13T20:41:34","slug":"kundenstimmen-starlay","status":"publish","type":"page","link":"https:\/\/dev.tylers.digital\/starlay\/kundenstimmen-starlay\/","title":{"rendered":"Kundenstimmen"},"content":{"rendered":"\t\t<div data-elementor-type=\"wp-page\" data-elementor-id=\"36\" class=\"elementor elementor-36\" data-elementor-post-type=\"page\">\n\t\t\t\t\t\t<section class=\"elementor-section elementor-top-section elementor-element elementor-element-d45183c elementor-section-height-min-height elementor-reverse-tablet elementor-reverse-mobile elementor-section-boxed elementor-section-height-default elementor-section-items-middle\" data-id=\"d45183c\" data-element_type=\"section\" data-e-type=\"section\" data-settings=\"{&quot;background_background&quot;:&quot;classic&quot;}\">\n\t\t\t\t\t\t<div class=\"elementor-container elementor-column-gap-default\">\n\t\t\t\t\t<div class=\"elementor-column elementor-col-50 elementor-top-column elementor-element elementor-element-d17a3d2\" data-id=\"d17a3d2\" data-element_type=\"column\" data-e-type=\"column\">\n\t\t\t<div class=\"elementor-widget-wrap elementor-element-populated\">\n\t\t\t\t\t\t<div class=\"elementor-element elementor-element-3a54f87 elementor-widget elementor-widget-heading\" data-id=\"3a54f87\" data-element_type=\"widget\" data-e-type=\"widget\" data-widget_type=\"heading.default\">\n\t\t\t\t<div class=\"elementor-widget-container\">\n\t\t\t\t\t<h1 class=\"elementor-heading-title elementor-size-default\">Kundenstimmen<\/h1>\t\t\t\t<\/div>\n\t\t\t\t<\/div>\n\t\t\t\t<div class=\"elementor-element elementor-element-150d1ff elementor-widget-mobile__width-inherit elementor-widget elementor-widget-text-editor\" data-id=\"150d1ff\" data-element_type=\"widget\" data-e-type=\"widget\" data-widget_type=\"text-editor.default\">\n\t\t\t\t<div class=\"elementor-widget-container\">\n\t\t\t\t\t\t\t\t\tOb Babyboomer-Beratung oder Stilberatung f\u00fcr Firmen:<br>Das sagen Kund:innen.\t\t\t\t\t\t\t\t<\/div>\n\t\t\t\t<\/div>\n\t\t\t\t<div class=\"elementor-element elementor-element-24d7b21 elementor-widget elementor-widget-button\" data-id=\"24d7b21\" data-element_type=\"widget\" data-e-type=\"widget\" data-widget_type=\"button.default\">\n\t\t\t\t<div class=\"elementor-widget-container\">\n\t\t\t\t\t\t\t\t\t<div class=\"elementor-button-wrapper\">\n\t\t\t\t\t<a class=\"elementor-button elementor-button-link elementor-size-sm\" href=\"#info\">\n\t\t\t\t\t\t<span class=\"elementor-button-content-wrapper\">\n\t\t\t\t\t\t<span class=\"elementor-button-icon\">\n\t\t\t\t<svg aria-hidden=\"true\" class=\"e-font-icon-svg e-fas-chevron-down\" viewBox=\"0 0 448 512\" xmlns=\"http:\/\/www.w3.org\/2000\/svg\"><path d=\"M207.029 381.476L12.686 187.132c-9.373-9.373-9.373-24.569 0-33.941l22.667-22.667c9.357-9.357 24.522-9.375 33.901-.04L224 284.505l154.745-154.021c9.379-9.335 24.544-9.317 33.901.04l22.667 22.667c9.373 9.373 9.373 24.569 0 33.941L240.971 381.476c-9.373 9.372-24.569 9.372-33.942 0z\"><\/path><\/svg>\t\t\t<\/span>\n\t\t\t\t\t\t\t\t\t<span class=\"elementor-button-text\">Zu den Kundenstimmen<\/span>\n\t\t\t\t\t<\/span>\n\t\t\t\t\t<\/a>\n\t\t\t\t<\/div>\n\t\t\t\t\t\t\t\t<\/div>\n\t\t\t\t<\/div>\n\t\t\t\t\t<\/div>\n\t\t<\/div>\n\t\t\t\t<div class=\"elementor-column elementor-col-50 elementor-top-column elementor-element elementor-element-f44fed8\" data-id=\"f44fed8\" data-element_type=\"column\" data-e-type=\"column\">\n\t\t\t<div class=\"elementor-widget-wrap\">\n\t\t\t\t\t\t\t<\/div>\n\t\t<\/div>\n\t\t\t\t\t<\/div>\n\t\t<\/section>\n\t\t\t\t<section class=\"elementor-section elementor-top-section elementor-element elementor-element-dbbb36e elementor-section-full_width elementor-section-content-top elementor-section-height-default elementor-section-height-default\" data-id=\"dbbb36e\" data-element_type=\"section\" data-e-type=\"section\" id=\"info\">\n\t\t\t\t\t\t<div class=\"elementor-container elementor-column-gap-default\">\n\t\t\t\t\t<div class=\"elementor-column elementor-col-50 elementor-top-column elementor-element elementor-element-892cf0e\" data-id=\"892cf0e\" data-element_type=\"column\" data-e-type=\"column\">\n\t\t\t<div class=\"elementor-widget-wrap elementor-element-populated\">\n\t\t\t\t\t\t<div class=\"elementor-element elementor-element-8357b4c elementor-widget-mobile__width-inherit elementor-widget elementor-widget-text-editor\" data-id=\"8357b4c\" data-element_type=\"widget\" data-e-type=\"widget\" data-widget_type=\"text-editor.default\">\n\t\t\t\t<div class=\"elementor-widget-container\">\n\t\t\t\t\t\t\t\t\t<p><em>\u201eUnser Ziel bei SIXT ist es seit jeher, unsere Kunden zu begeistern. Zuvorkommendes Verhalten, Kommunikation auf Augenh\u00f6he und sympathische Zwischent\u00f6ne machen hier den wesentlichen Unterschied \u2013 so werden Kunden am Ende zu treuen Fans. Frau Katharina Starlay hat es durch ihre Unterst\u00fctzung geschafft, unserem Leadership-Team neue Blickwinkel und wertvolle Impulse zum Thema Stil und Umgangsformen im t\u00e4glichen Kontakt mit Kunden, Partnern und Kollegen zu vermitteln.\u201c<\/em><\/p>\t\t\t\t\t\t\t\t<\/div>\n\t\t\t\t<\/div>\n\t\t\t\t<div class=\"elementor-element elementor-element-93a43a9 elementor-widget-mobile__width-inherit elementor-widget elementor-widget-heading\" data-id=\"93a43a9\" data-element_type=\"widget\" data-e-type=\"widget\" data-widget_type=\"heading.default\">\n\t\t\t\t<div class=\"elementor-widget-container\">\n\t\t\t\t\t<h5 class=\"elementor-heading-title elementor-size-default\">Vinzenz Pflanz<\/h5>\t\t\t\t<\/div>\n\t\t\t\t<\/div>\n\t\t\t\t<div class=\"elementor-element elementor-element-63a5efe elementor-widget-mobile__width-inherit elementor-widget elementor-widget-text-editor\" data-id=\"63a5efe\" data-element_type=\"widget\" data-e-type=\"widget\" data-widget_type=\"text-editor.default\">\n\t\t\t\t<div class=\"elementor-widget-container\">\n\t\t\t\t\t\t\t\t\t<p>Chief Business Officer (CBO)<br \/>Member of the Management Board of Sixt SE<\/p>\t\t\t\t\t\t\t\t<\/div>\n\t\t\t\t<\/div>\n\t\t\t\t<div class=\"elementor-element elementor-element-90d9de9 elementor-widget elementor-widget-spacer\" data-id=\"90d9de9\" data-element_type=\"widget\" data-e-type=\"widget\" data-widget_type=\"spacer.default\">\n\t\t\t\t<div class=\"elementor-widget-container\">\n\t\t\t\t\t\t\t<div class=\"elementor-spacer\">\n\t\t\t<div class=\"elementor-spacer-inner\"><\/div>\n\t\t<\/div>\n\t\t\t\t\t\t<\/div>\n\t\t\t\t<\/div>\n\t\t\t\t<div class=\"elementor-element elementor-element-b96b0a3 elementor-widget elementor-widget-text-editor\" data-id=\"b96b0a3\" data-element_type=\"widget\" data-e-type=\"widget\" data-widget_type=\"text-editor.default\">\n\t\t\t\t<div class=\"elementor-widget-container\">\n\t\t\t\t\t\t\t\t\t<p>* * * * * * * * * * * * * * * * * * * *<\/p>\t\t\t\t\t\t\t\t<\/div>\n\t\t\t\t<\/div>\n\t\t\t\t<div class=\"elementor-element elementor-element-dd6efcc elementor-widget elementor-widget-spacer\" data-id=\"dd6efcc\" data-element_type=\"widget\" data-e-type=\"widget\" data-widget_type=\"spacer.default\">\n\t\t\t\t<div class=\"elementor-widget-container\">\n\t\t\t\t\t\t\t<div class=\"elementor-spacer\">\n\t\t\t<div class=\"elementor-spacer-inner\"><\/div>\n\t\t<\/div>\n\t\t\t\t\t\t<\/div>\n\t\t\t\t<\/div>\n\t\t\t\t<div class=\"elementor-element elementor-element-cc145b6 elementor-widget-mobile__width-inherit elementor-widget elementor-widget-text-editor\" data-id=\"cc145b6\" data-element_type=\"widget\" data-e-type=\"widget\" data-widget_type=\"text-editor.default\">\n\t\t\t\t<div class=\"elementor-widget-container\">\n\t\t\t\t\t\t\t\t\t<p><em>\u201eAls Teilnehmer des Seminars &#8220;Smart Business &#8211; Smart Style&#8221; durfte ich Katharina Starlay und Fabrizio Baron Galli Zugaro als ein sich wunderbar erg\u00e4nzendes Duo erleben. Ihre eloquente und charismatische Ausdrucksweise erlaubten es den Teilnehmern die spannenden Einblicke rund um Etikette und sicheres Auftreten gespannt mit zu verfolgen. Ihre unbefangene und authentische Art regten die Teilnehmer stets zur Teilhabe an. Ich behalte dieses Seminar als ein lehrreiches und einpr\u00e4gsames Erlebnis in Erinnerung und m\u00f6chte es jenen Menschen empfehlen, welche sich von zwei Koryph\u00e4en in die Welt des eleganten und stilsicheren Auftretens einladen lassen m\u00f6chten.\u201c<\/em><\/p>\t\t\t\t\t\t\t\t<\/div>\n\t\t\t\t<\/div>\n\t\t\t\t<div class=\"elementor-element elementor-element-8ed95b2 elementor-widget-mobile__width-inherit elementor-widget elementor-widget-heading\" data-id=\"8ed95b2\" data-element_type=\"widget\" data-e-type=\"widget\" data-widget_type=\"heading.default\">\n\t\t\t\t<div class=\"elementor-widget-container\">\n\t\t\t\t\t<h5 class=\"elementor-heading-title elementor-size-default\">Felix Wild<\/h5>\t\t\t\t<\/div>\n\t\t\t\t<\/div>\n\t\t\t\t<div class=\"elementor-element elementor-element-55cb2dd elementor-widget-mobile__width-inherit elementor-widget elementor-widget-text-editor\" data-id=\"55cb2dd\" data-element_type=\"widget\" data-e-type=\"widget\" data-widget_type=\"text-editor.default\">\n\t\t\t\t<div class=\"elementor-widget-container\">\n\t\t\t\t\t\t\t\t\t<p>Consultant Executive Search &amp; Placement<br \/>QX Quarterly Crossing<\/p>\t\t\t\t\t\t\t\t<\/div>\n\t\t\t\t<\/div>\n\t\t\t\t<div class=\"elementor-element elementor-element-88bf136 elementor-hidden-desktop elementor-hidden-laptop elementor-hidden-tablet_extra elementor-widget elementor-widget-spacer\" data-id=\"88bf136\" data-element_type=\"widget\" data-e-type=\"widget\" data-widget_type=\"spacer.default\">\n\t\t\t\t<div class=\"elementor-widget-container\">\n\t\t\t\t\t\t\t<div class=\"elementor-spacer\">\n\t\t\t<div class=\"elementor-spacer-inner\"><\/div>\n\t\t<\/div>\n\t\t\t\t\t\t<\/div>\n\t\t\t\t<\/div>\n\t\t\t\t<div class=\"elementor-element elementor-element-ea1e405 elementor-widget elementor-widget-text-editor\" data-id=\"ea1e405\" data-element_type=\"widget\" data-e-type=\"widget\" data-widget_type=\"text-editor.default\">\n\t\t\t\t<div class=\"elementor-widget-container\">\n\t\t\t\t\t\t\t\t\t<p>* * * * * * * * * * * * * * * * * * * *<\/p>\t\t\t\t\t\t\t\t<\/div>\n\t\t\t\t<\/div>\n\t\t\t\t\t<\/div>\n\t\t<\/div>\n\t\t\t\t<div class=\"elementor-column elementor-col-50 elementor-top-column elementor-element elementor-element-516a943\" data-id=\"516a943\" data-element_type=\"column\" data-e-type=\"column\">\n\t\t\t<div class=\"elementor-widget-wrap elementor-element-populated\">\n\t\t\t\t\t\t<div class=\"elementor-element elementor-element-28d40bd elementor-widget-mobile__width-inherit elementor-widget elementor-widget-image\" data-id=\"28d40bd\" data-element_type=\"widget\" data-e-type=\"widget\" data-widget_type=\"image.default\">\n\t\t\t\t<div class=\"elementor-widget-container\">\n\t\t\t\t\t\t\t\t\t\t\t\t\t\t\t<img fetchpriority=\"high\" decoding=\"async\" width=\"600\" height=\"600\" src=\"https:\/\/dev.tylers.digital\/starlay\/wp-content\/uploads\/2024\/03\/Feedback_1.png\" class=\"attachment-full size-full wp-image-2123\" alt=\"\" srcset=\"https:\/\/dev.tylers.digital\/starlay\/wp-content\/uploads\/2024\/03\/Feedback_1.png 600w, https:\/\/dev.tylers.digital\/starlay\/wp-content\/uploads\/2024\/03\/Feedback_1-300x300.png 300w, https:\/\/dev.tylers.digital\/starlay\/wp-content\/uploads\/2024\/03\/Feedback_1-150x150.png 150w\" sizes=\"(max-width: 600px) 100vw, 600px\" \/>\t\t\t\t\t\t\t\t\t\t\t\t\t\t\t<\/div>\n\t\t\t\t<\/div>\n\t\t\t\t<div class=\"elementor-element elementor-element-7e90b42 elementor-widget-mobile__width-inherit elementor-widget elementor-widget-text-editor\" data-id=\"7e90b42\" data-element_type=\"widget\" data-e-type=\"widget\" data-widget_type=\"text-editor.default\">\n\t\t\t\t<div class=\"elementor-widget-container\">\n\t\t\t\t\t\t\t\t\t<p><em>\u201eLiebe Katharina,<\/em><\/p><p><em>die Zusammenarbeit mit Dir hat mir den Wert meiner k\u00fcnstlerischen Arbeit und meines Selbst bewusst gemacht. Daf\u00fcr bin ich sehr dankbar!<\/em><br \/><em>Zum Gl\u00fcck hast Du mir Schwarz f\u00fcr die Kleiderwahl meines Fototermins ausgeredet \u2026 denn die Reaktionen sind \u00fcberaus positiv. Und meinen gemeinsam erarbeiteten Elevator Pitch kann ich auch noch, um zu beschreiben, wof\u00fcr ich im Rentenalter stehe:<br \/><\/em><em>\u201eIch bin ein Poet der gepflegten Erotik und rezitiere sie auf empathische Weise \u2013 je nach Zielgruppe. Klar und emotional. Meine Gedichte beleben langj\u00e4hrige Beziehungen oder die Erotik in hohem Alter und lassen sich sogar in der Paartherapie einsetzen. Meine Zuh\u00f6rer und Leser sind Frauen und Frauennetzwerke sowie alle Menschen, die mehr Sinnlichkeit im Alltag suchen.\u201c<\/em><\/p>\t\t\t\t\t\t\t\t<\/div>\n\t\t\t\t<\/div>\n\t\t\t\t<div class=\"elementor-element elementor-element-e1885ad elementor-widget-mobile__width-inherit elementor-widget elementor-widget-heading\" data-id=\"e1885ad\" data-element_type=\"widget\" data-e-type=\"widget\" data-widget_type=\"heading.default\">\n\t\t\t\t<div class=\"elementor-widget-container\">\n\t\t\t\t\t<h5 class=\"elementor-heading-title elementor-size-default\">Liebe Gr\u00fc\u00dfe, \u201eel poeta\u201c Claus Flemming <\/h5>\t\t\t\t<\/div>\n\t\t\t\t<\/div>\n\t\t\t\t<div class=\"elementor-element elementor-element-7511128 elementor-widget-mobile__width-inherit elementor-widget elementor-widget-text-editor\" data-id=\"7511128\" data-element_type=\"widget\" data-e-type=\"widget\" data-widget_type=\"text-editor.default\">\n\t\t\t\t<div class=\"elementor-widget-container\">\n\t\t\t\t\t\t\t\t\t<p>Seine erotischen Lyrics bei <a href=\"https:\/\/www.amazon.de\/Erotische-Lyrics-deutscher-lyrik-verlag\/dp\/3842238991\" target=\"_blank\" rel=\"noopener\">Amazon<\/a><\/p>\t\t\t\t\t\t\t\t<\/div>\n\t\t\t\t<\/div>\n\t\t\t\t\t<\/div>\n\t\t<\/div>\n\t\t\t\t\t<\/div>\n\t\t<\/section>\n\t\t\t\t<section class=\"elementor-section elementor-top-section elementor-element elementor-element-ba04027 elementor-section-boxed elementor-section-height-default elementor-section-height-default\" data-id=\"ba04027\" data-element_type=\"section\" data-e-type=\"section\" data-settings=\"{&quot;background_background&quot;:&quot;classic&quot;}\">\n\t\t\t\t\t\t<div class=\"elementor-container elementor-column-gap-default\">\n\t\t\t\t\t<div class=\"elementor-column elementor-col-100 elementor-top-column elementor-element elementor-element-07047fd\" data-id=\"07047fd\" data-element_type=\"column\" data-e-type=\"column\">\n\t\t\t<div class=\"elementor-widget-wrap elementor-element-populated\">\n\t\t\t\t\t\t<div class=\"elementor-element elementor-element-18d2594 elementor-widget elementor-widget-text-editor\" data-id=\"18d2594\" data-element_type=\"widget\" data-e-type=\"widget\" data-widget_type=\"text-editor.default\">\n\t\t\t\t<div class=\"elementor-widget-container\">\n\t\t\t\t\t\t\t\t\t<p>Lass&#8217; uns Pl\u00e4ne schmieden f\u00fcr Deine Zukunft.<\/p>\t\t\t\t\t\t\t\t<\/div>\n\t\t\t\t<\/div>\n\t\t\t\t<div class=\"elementor-element elementor-element-ec9377e elementor-align-center elementor-widget elementor-widget-button\" data-id=\"ec9377e\" data-element_type=\"widget\" data-e-type=\"widget\" data-widget_type=\"button.default\">\n\t\t\t\t<div class=\"elementor-widget-container\">\n\t\t\t\t\t\t\t\t\t<div class=\"elementor-button-wrapper\">\n\t\t\t\t\t<a class=\"elementor-button elementor-button-link elementor-size-sm\" href=\"https:\/\/dev.tylers.digital\/starlay\/kontakt\/\">\n\t\t\t\t\t\t<span class=\"elementor-button-content-wrapper\">\n\t\t\t\t\t\t\t\t\t<span class=\"elementor-button-text\">Kontakt<\/span>\n\t\t\t\t\t<\/span>\n\t\t\t\t\t<\/a>\n\t\t\t\t<\/div>\n\t\t\t\t\t\t\t\t<\/div>\n\t\t\t\t<\/div>\n\t\t\t\t\t<\/div>\n\t\t<\/div>\n\t\t\t\t\t<\/div>\n\t\t<\/section>\n\t\t\t\t<\/div>\n\t\t","protected":false},"excerpt":{"rendered":"<p>Ob Babyboomer-Beratung oder Stilberatung f\u00fcr Firmen:<br \/>\nDas sagen Kund:innen.<\/p>\n","protected":false},"author":3,"featured_media":2157,"parent":0,"menu_order":0,"comment_status":"closed","ping_status":"closed","template":"","meta":{"footnotes":""},"class_list":["post-36","page","type-page","status-publish","has-post-thumbnail","hentry"],"yoast_head":"<!-- This site is optimized with the Yoast SEO plugin v27.2 - https:\/\/yoast.com\/product\/yoast-seo-wordpress\/ -->\n<title>Kundenstimmen - Starlay<\/title>\n<meta name=\"description\" content=\"Ob Babyboomer-Beratung oder Stilberatung f\u00fcr Firmen - ob auf Mallorca oder in Deutschland: Das sagen Kund:innen.\" \/>\n<meta name=\"robots\" content=\"noindex, follow, max-snippet:-1, max-image-preview:large, max-video-preview:-1\" \/>\n<meta property=\"og:locale\" content=\"en_GB\" \/>\n<meta property=\"og:type\" content=\"article\" \/>\n<meta property=\"og:title\" content=\"Kundenstimmen\" \/>\n<meta property=\"og:description\" content=\"Ob Babyboomer-Beratung oder Stilberatung f\u00fcr Firmen: Das sagen Kund:innen.\" \/>\n<meta property=\"og:url\" content=\"https:\/\/dev.tylers.digital\/starlay\/kundenstimmen-starlay\/\" \/>\n<meta property=\"og:site_name\" content=\"Starlay\" \/>\n<meta property=\"article:modified_time\" content=\"2024-05-13T20:41:34+00:00\" \/>\n<meta property=\"og:image\" content=\"https:\/\/dev.tylers.digital\/starlay\/wp-content\/uploads\/2024\/03\/Feedback_Highlight.jpg\" \/>\n\t<meta property=\"og:image:width\" content=\"1920\" \/>\n\t<meta property=\"og:image:height\" content=\"1080\" \/>\n\t<meta property=\"og:image:type\" content=\"image\/jpeg\" \/>\n<meta name=\"twitter:card\" content=\"summary_large_image\" \/>\n<meta name=\"twitter:label1\" content=\"Estimated reading time\" \/>\n\t<meta name=\"twitter:data1\" content=\"3 minutes\" \/>\n<script type=\"application\/ld+json\" class=\"yoast-schema-graph\">{\"@context\":\"https:\/\/schema.org\",\"@graph\":[{\"@type\":\"WebPage\",\"@id\":\"https:\/\/dev.tylers.digital\/starlay\/kundenstimmen-starlay\/\",\"url\":\"https:\/\/dev.tylers.digital\/starlay\/kundenstimmen-starlay\/\",\"name\":\"Kundenstimmen - Starlay\",\"isPartOf\":{\"@id\":\"https:\/\/dev.tylers.digital\/starlay\/#website\"},\"primaryImageOfPage\":{\"@id\":\"https:\/\/dev.tylers.digital\/starlay\/kundenstimmen-starlay\/#primaryimage\"},\"image\":{\"@id\":\"https:\/\/dev.tylers.digital\/starlay\/kundenstimmen-starlay\/#primaryimage\"},\"thumbnailUrl\":\"https:\/\/dev.tylers.digital\/starlay\/wp-content\/uploads\/2024\/03\/Feedback_Highlight.jpg\",\"datePublished\":\"2024-02-28T11:36:21+00:00\",\"dateModified\":\"2024-05-13T20:41:34+00:00\",\"description\":\"Ob Babyboomer-Beratung oder Stilberatung f\u00fcr Firmen - ob auf Mallorca oder in Deutschland: Das sagen Kund:innen.\",\"breadcrumb\":{\"@id\":\"https:\/\/dev.tylers.digital\/starlay\/kundenstimmen-starlay\/#breadcrumb\"},\"inLanguage\":\"en-GB\",\"potentialAction\":[{\"@type\":\"ReadAction\",\"target\":[\"https:\/\/dev.tylers.digital\/starlay\/kundenstimmen-starlay\/\"]}]},{\"@type\":\"ImageObject\",\"inLanguage\":\"en-GB\",\"@id\":\"https:\/\/dev.tylers.digital\/starlay\/kundenstimmen-starlay\/#primaryimage\",\"url\":\"https:\/\/dev.tylers.digital\/starlay\/wp-content\/uploads\/2024\/03\/Feedback_Highlight.jpg\",\"contentUrl\":\"https:\/\/dev.tylers.digital\/starlay\/wp-content\/uploads\/2024\/03\/Feedback_Highlight.jpg\",\"width\":1920,\"height\":1080},{\"@type\":\"BreadcrumbList\",\"@id\":\"https:\/\/dev.tylers.digital\/starlay\/kundenstimmen-starlay\/#breadcrumb\",\"itemListElement\":[{\"@type\":\"ListItem\",\"position\":1,\"name\":\"Startseite\",\"item\":\"https:\/\/dev.tylers.digital\/starlay\/\"},{\"@type\":\"ListItem\",\"position\":2,\"name\":\"Kundenstimmen\"}]},{\"@type\":\"WebSite\",\"@id\":\"https:\/\/dev.tylers.digital\/starlay\/#website\",\"url\":\"https:\/\/dev.tylers.digital\/starlay\/\",\"name\":\"Starlay\",\"description\":\"Corporate Imageberaterin und Modedesignerin\",\"publisher\":{\"@id\":\"https:\/\/dev.tylers.digital\/starlay\/#organization\"},\"potentialAction\":[{\"@type\":\"SearchAction\",\"target\":{\"@type\":\"EntryPoint\",\"urlTemplate\":\"https:\/\/dev.tylers.digital\/starlay\/?s={search_term_string}\"},\"query-input\":{\"@type\":\"PropertyValueSpecification\",\"valueRequired\":true,\"valueName\":\"search_term_string\"}}],\"inLanguage\":\"en-GB\"},{\"@type\":\"Organization\",\"@id\":\"https:\/\/dev.tylers.digital\/starlay\/#organization\",\"name\":\"Starlay\",\"url\":\"https:\/\/dev.tylers.digital\/starlay\/\",\"logo\":{\"@type\":\"ImageObject\",\"inLanguage\":\"en-GB\",\"@id\":\"https:\/\/dev.tylers.digital\/starlay\/#\/schema\/logo\/image\/\",\"url\":\"https:\/\/dev.tylers.digital\/starlay\/wp-content\/uploads\/2024\/02\/Logo_transparent.png\",\"contentUrl\":\"https:\/\/dev.tylers.digital\/starlay\/wp-content\/uploads\/2024\/02\/Logo_transparent.png\",\"width\":500,\"height\":318,\"caption\":\"Starlay\"},\"image\":{\"@id\":\"https:\/\/dev.tylers.digital\/starlay\/#\/schema\/logo\/image\/\"}}]}<\/script>\n<!-- \/ Yoast SEO plugin. -->","yoast_head_json":{"title":"Kundenstimmen - Starlay","description":"Ob Babyboomer-Beratung oder Stilberatung f\u00fcr Firmen - ob auf Mallorca oder in Deutschland: Das sagen Kund:innen.","robots":{"index":"noindex","follow":"follow","max-snippet":"max-snippet:-1","max-image-preview":"max-image-preview:large","max-video-preview":"max-video-preview:-1"},"og_locale":"en_GB","og_type":"article","og_title":"Kundenstimmen","og_description":"Ob Babyboomer-Beratung oder Stilberatung f\u00fcr Firmen: Das sagen Kund:innen.","og_url":"https:\/\/dev.tylers.digital\/starlay\/kundenstimmen-starlay\/","og_site_name":"Starlay","article_modified_time":"2024-05-13T20:41:34+00:00","og_image":[{"width":1920,"height":1080,"url":"https:\/\/dev.tylers.digital\/starlay\/wp-content\/uploads\/2024\/03\/Feedback_Highlight.jpg","type":"image\/jpeg"}],"twitter_card":"summary_large_image","twitter_misc":{"Estimated reading time":"3 minutes"},"schema":{"@context":"https:\/\/schema.org","@graph":[{"@type":"WebPage","@id":"https:\/\/dev.tylers.digital\/starlay\/kundenstimmen-starlay\/","url":"https:\/\/dev.tylers.digital\/starlay\/kundenstimmen-starlay\/","name":"Kundenstimmen - Starlay","isPartOf":{"@id":"https:\/\/dev.tylers.digital\/starlay\/#website"},"primaryImageOfPage":{"@id":"https:\/\/dev.tylers.digital\/starlay\/kundenstimmen-starlay\/#primaryimage"},"image":{"@id":"https:\/\/dev.tylers.digital\/starlay\/kundenstimmen-starlay\/#primaryimage"},"thumbnailUrl":"https:\/\/dev.tylers.digital\/starlay\/wp-content\/uploads\/2024\/03\/Feedback_Highlight.jpg","datePublished":"2024-02-28T11:36:21+00:00","dateModified":"2024-05-13T20:41:34+00:00","description":"Ob Babyboomer-Beratung oder Stilberatung f\u00fcr Firmen - ob auf Mallorca oder in Deutschland: Das sagen Kund:innen.","breadcrumb":{"@id":"https:\/\/dev.tylers.digital\/starlay\/kundenstimmen-starlay\/#breadcrumb"},"inLanguage":"en-GB","potentialAction":[{"@type":"ReadAction","target":["https:\/\/dev.tylers.digital\/starlay\/kundenstimmen-starlay\/"]}]},{"@type":"ImageObject","inLanguage":"en-GB","@id":"https:\/\/dev.tylers.digital\/starlay\/kundenstimmen-starlay\/#primaryimage","url":"https:\/\/dev.tylers.digital\/starlay\/wp-content\/uploads\/2024\/03\/Feedback_Highlight.jpg","contentUrl":"https:\/\/dev.tylers.digital\/starlay\/wp-content\/uploads\/2024\/03\/Feedback_Highlight.jpg","width":1920,"height":1080},{"@type":"BreadcrumbList","@id":"https:\/\/dev.tylers.digital\/starlay\/kundenstimmen-starlay\/#breadcrumb","itemListElement":[{"@type":"ListItem","position":1,"name":"Startseite","item":"https:\/\/dev.tylers.digital\/starlay\/"},{"@type":"ListItem","position":2,"name":"Kundenstimmen"}]},{"@type":"WebSite","@id":"https:\/\/dev.tylers.digital\/starlay\/#website","url":"https:\/\/dev.tylers.digital\/starlay\/","name":"Starlay","description":"Corporate Imageberaterin und Modedesignerin","publisher":{"@id":"https:\/\/dev.tylers.digital\/starlay\/#organization"},"potentialAction":[{"@type":"SearchAction","target":{"@type":"EntryPoint","urlTemplate":"https:\/\/dev.tylers.digital\/starlay\/?s={search_term_string}"},"query-input":{"@type":"PropertyValueSpecification","valueRequired":true,"valueName":"search_term_string"}}],"inLanguage":"en-GB"},{"@type":"Organization","@id":"https:\/\/dev.tylers.digital\/starlay\/#organization","name":"Starlay","url":"https:\/\/dev.tylers.digital\/starlay\/","logo":{"@type":"ImageObject","inLanguage":"en-GB","@id":"https:\/\/dev.tylers.digital\/starlay\/#\/schema\/logo\/image\/","url":"https:\/\/dev.tylers.digital\/starlay\/wp-content\/uploads\/2024\/02\/Logo_transparent.png","contentUrl":"https:\/\/dev.tylers.digital\/starlay\/wp-content\/uploads\/2024\/02\/Logo_transparent.png","width":500,"height":318,"caption":"Starlay"},"image":{"@id":"https:\/\/dev.tylers.digital\/starlay\/#\/schema\/logo\/image\/"}}]}},"_links":{"self":[{"href":"https:\/\/dev.tylers.digital\/starlay\/wp-json\/wp\/v2\/pages\/36","targetHints":{"allow":["GET"]}}],"collection":[{"href":"https:\/\/dev.tylers.digital\/starlay\/wp-json\/wp\/v2\/pages"}],"about":[{"href":"https:\/\/dev.tylers.digital\/starlay\/wp-json\/wp\/v2\/types\/page"}],"author":[{"embeddable":true,"href":"https:\/\/dev.tylers.digital\/starlay\/wp-json\/wp\/v2\/users\/3"}],"replies":[{"embeddable":true,"href":"https:\/\/dev.tylers.digital\/starlay\/wp-json\/wp\/v2\/comments?post=36"}],"version-history":[{"count":282,"href":"https:\/\/dev.tylers.digital\/starlay\/wp-json\/wp\/v2\/pages\/36\/revisions"}],"predecessor-version":[{"id":3647,"href":"https:\/\/dev.tylers.digital\/starlay\/wp-json\/wp\/v2\/pages\/36\/revisions\/3647"}],"wp:featuredmedia":[{"embeddable":true,"href":"https:\/\/dev.tylers.digital\/starlay\/wp-json\/wp\/v2\/media\/2157"}],"wp:attachment":[{"href":"https:\/\/dev.tylers.digital\/starlay\/wp-json\/wp\/v2\/media?parent=36"}],"curies":[{"name":"wp","href":"https:\/\/api.w.org\/{rel}","templated":true}]}}